{"id":879,"date":"2022-12-29T22:32:17","date_gmt":"2022-12-29T22:32:17","guid":{"rendered":"https:\/\/prolinfo.com.br\/site\/?page_id=879"},"modified":"2025-07-07T14:38:58","modified_gmt":"2025-07-07T14:38:58","slug":"trabalhe-conosco","status":"publish","type":"page","link":"https:\/\/prolinfo.com.br\/site\/trabalhe-conosco\/","title":{"rendered":"Trabalhe conosco"},"content":{"rendered":"\n<div class=\"blockart-section blockart-section-aba6a5b1\"><div class=\"blockart-container-fluid\"><div class=\"blockart-section-inner\">\n<div class=\"blockart-column blockart-column-4319caba\"><div class=\"blockart-column-inner\">\n<div class=\"wp-block-columns alignwide is-layout-flex wp-container-core-columns-is-layout-28f84493 wp-block-columns-is-layout-flex\">\n<div class=\"wp-block-column is-layout-flow wp-block-column-is-layout-flow\" style=\"flex-basis:54%\">\n<figure class=\"wp-block-image size-full\"><img decoding=\"async\" width=\"1732\" height=\"693\" src=\"https:\/\/prolinfo.com.br\/site\/wp-content\/uploads\/2023\/01\/trabalhe_conosco_croped.jpg\" alt=\"\" class=\"wp-image-1659\" srcset=\"https:\/\/prolinfo.com.br\/site\/wp-content\/uploads\/2023\/01\/trabalhe_conosco_croped.jpg 1732w, https:\/\/prolinfo.com.br\/site\/wp-content\/uploads\/2023\/01\/trabalhe_conosco_croped-300x120.jpg 300w, https:\/\/prolinfo.com.br\/site\/wp-content\/uploads\/2023\/01\/trabalhe_conosco_croped-1024x410.jpg 1024w, https:\/\/prolinfo.com.br\/site\/wp-content\/uploads\/2023\/01\/trabalhe_conosco_croped-768x307.jpg 768w, https:\/\/prolinfo.com.br\/site\/wp-content\/uploads\/2023\/01\/trabalhe_conosco_croped-1536x615.jpg 1536w\" sizes=\"(max-width: 1732px) 100vw, 1732px\" \/><\/figure>\n<\/div>\n\n\n\n<div class=\"wp-block-column is-layout-flow wp-block-column-is-layout-flow\" style=\"flex-basis:46%\">\n<h2 class=\"blockart-heading blockart-heading-dc247001\">Sele\u00e7\u00e3o de Professores<\/h2>\n\n\n\n<p>Periodicamente, o PROLINFO\/UPE \u2013 Programa de L\u00ednguas e Inform\u00e1tica da Universidade de Pernambuco \u2013 abre sele\u00e7\u00e3o para novos integrantes da sua equipe de professores. Se voc\u00ea tem determina\u00e7\u00e3o, garra e est\u00e1 disposto a vivenciar novas experi\u00eancias profissionais, candidate-se e venha ser professor do PROLINFO\/UPE.<\/p>\n<\/div>\n<\/div>\n<\/div><\/div>\n<\/div><\/div><\/div>\n\n\n\n<hr class=\"wp-block-separator has-alpha-channel-opacity\"\/>\n\n\n\n<div class=\"wp-block-uagb-call-to-action uagb-block-9da23b30 wp-block-button\"><div class=\"uagb-cta__wrap\"><h3 class=\"uagb-cta__title\">OS TALENTOS MAIS PROMISSORES DO PROLINFO<\/h3><p class=\"uagb-cta__desc\">Preencha o formul\u00e1rio e candidate-se \u00e0s nossas vagas<\/p><\/div><div class=\"uagb-cta__buttons\"><a href=\"https:\/\/docs.google.com\/forms\/d\/e\/1FAIpQLSci7htv2NG93LqzN42uoL0c0GG4INwJuDSFnNjd_b5rzQsliw\/viewform\" class=\"uagb-cta__button-link-wrapper wp-block-button__link\" target=\"_blank\" rel=\"noopener noreferrer\">Acessar formul\u00e1rio<svg xmlns=\"https:\/\/www.w3.org\/2000\/svg\" viewBox=\"0 0 512 512\"><path d=\"M504.3 273.6l-112.1 104c-6.992 6.484-17.18 8.218-25.94 4.406c-8.758-3.812-14.42-12.45-14.42-21.1L351.9 288H32C14.33 288 .0002 273.7 .0002 255.1S14.33 224 32 224h319.9l0-72c0-9.547 5.66-18.19 14.42-22c8.754-3.809 18.95-2.075 25.94 4.41l112.1 104C514.6 247.9 514.6 264.1 504.3 273.6z\"><\/path><\/svg><\/a><\/div><\/div>\n","protected":false},"excerpt":{"rendered":"","protected":false},"author":1,"featured_media":0,"parent":0,"menu_order":0,"comment_status":"closed","ping_status":"closed","template":"","meta":{"_uag_custom_page_level_css":"","_joinchat":[],"footnotes":""},"class_list":["post-879","page","type-page","status-publish","hentry"],"uagb_featured_image_src":{"full":false,"thumbnail":false,"medium":false,"medium_large":false,"large":false,"1536x1536":false,"2048x2048":false},"uagb_author_info":{"display_name":"nathanael","author_link":"https:\/\/prolinfo.com.br\/site\/author\/nathanael\/"},"uagb_comment_info":0,"uagb_excerpt":null,"_links":{"self":[{"href":"https:\/\/prolinfo.com.br\/site\/wp-json\/wp\/v2\/pages\/879","targetHints":{"allow":["GET"]}}],"collection":[{"href":"https:\/\/prolinfo.com.br\/site\/wp-json\/wp\/v2\/pages"}],"about":[{"href":"https:\/\/prolinfo.com.br\/site\/wp-json\/wp\/v2\/types\/page"}],"author":[{"embeddable":true,"href":"https:\/\/prolinfo.com.br\/site\/wp-json\/wp\/v2\/users\/1"}],"replies":[{"embeddable":true,"href":"https:\/\/prolinfo.com.br\/site\/wp-json\/wp\/v2\/comments?post=879"}],"version-history":[{"count":24,"href":"https:\/\/prolinfo.com.br\/site\/wp-json\/wp\/v2\/pages\/879\/revisions"}],"predecessor-version":[{"id":29031,"href":"https:\/\/prolinfo.com.br\/site\/wp-json\/wp\/v2\/pages\/879\/revisions\/29031"}],"wp:attachment":[{"href":"https:\/\/prolinfo.com.br\/site\/wp-json\/wp\/v2\/media?parent=879"}],"curies":[{"name":"wp","href":"https:\/\/api.w.org\/{rel}","templated":true}]}}