{"id":77,"date":"2022-01-27T08:54:29","date_gmt":"2022-01-27T08:54:29","guid":{"rendered":"https:\/\/sichu-blockart-eduskill.sites.qsandbox.com\/?page_id=77"},"modified":"2025-01-17T14:09:19","modified_gmt":"2025-01-17T14:09:19","slug":"sobre","status":"publish","type":"page","link":"https:\/\/prolinfo.com.br\/site\/sobre\/","title":{"rendered":"O Programa"},"content":{"rendered":"\n<div class=\"wp-block-cover is-light\" style=\"min-height:800px;aspect-ratio:unset;\"><span aria-hidden=\"true\" class=\"wp-block-cover__background has-background-dim-10 has-background-dim\"><\/span><video class=\"wp-block-cover__video-background intrinsic-ignore\" autoplay muted loop playsinline src=\"https:\/\/prolinfo.com.br\/site\/wp-content\/uploads\/2023\/01\/Canvas-Logo-Reveal-Main-to-Render_1.webm\" data-object-fit=\"cover\"><\/video><div class=\"wp-block-cover__inner-container is-layout-flow wp-block-cover-is-layout-flow\">\n<div class=\"wp-block-columns is-layout-flex wp-container-core-columns-is-layout-28f84493 wp-block-columns-is-layout-flex\">\n<div class=\"wp-block-column is-layout-flow wp-block-column-is-layout-flow\" style=\"flex-basis:10%\"><\/div>\n\n\n\n<div class=\"wp-block-column is-layout-flow wp-block-column-is-layout-flow\" style=\"flex-basis:80%\">\n<div class=\"wp-block-group is-content-justification-left is-layout-constrained wp-container-core-group-is-layout-15aba472 wp-block-group-is-layout-constrained\" style=\"padding-top:var(--wp--preset--spacing--20);padding-right:var(--wp--preset--spacing--20);padding-bottom:var(--wp--preset--spacing--20);padding-left:var(--wp--preset--spacing--20)\">\n<p class=\"has-text-align-left has-large-font-size\" style=\"line-height:1.2\"><strong>O PROLINFO\/UPE est\u00e1 sempre evoluindo para cumprir sua miss\u00e3o no mais alto grau de excel\u00eancia.<\/strong><\/p>\n\n\n\n<p class=\"has-text-align-left has-medium-font-size\">S\u00e3o vinte anos de um crescimento not\u00e1vel e gostar\u00edamos de compartilhar com voc\u00ea essa Hist\u00f3ria.<\/p>\n<\/div>\n<\/div>\n\n\n\n<div class=\"wp-block-column is-layout-flow wp-block-column-is-layout-flow\" style=\"flex-basis:10%\"><\/div>\n<\/div>\n<\/div><\/div>\n\n\n\n<div class=\"blockart-section blockart-section-aae3bebd\"><div class=\"blockart-container\"><div class=\"blockart-section-inner\">\n<div class=\"blockart-column blockart-column-3de5cd2f\"><div class=\"blockart-column-inner\">\n<div class=\"wp-block-columns is-layout-flex wp-container-core-columns-is-layout-28f84493 wp-block-columns-is-layout-flex\">\n<div class=\"wp-block-column is-layout-flow wp-block-column-is-layout-flow\">\n<p class=\"has-text-align-center has-x-large-font-size\"><i class=\"fas fa-bullseye\"><\/i><\/p>\n\n\n\n<h4 class=\"blockart-heading blockart-heading-79628d2b\">Miss\u00e3o<\/h4>\n\n\n\n<p class=\"has-text-align-center\">Contribuir para a forma\u00e7\u00e3o profissional de alunos e professores nas \u00e1reas de l\u00ednguas estrangeiras, tecnologia e sele\u00e7\u00f5es para institui\u00e7\u00f5es p\u00fablicas. <\/p>\n<\/div>\n\n\n\n<div class=\"wp-block-column is-layout-flow wp-block-column-is-layout-flow\">\n<p class=\"has-text-align-center has-x-large-font-size\"><i class=\"fas fa-heart\"><\/i><\/p>\n\n\n\n<h4 class=\"blockart-heading blockart-heading-1d6c8b17\">Valores<\/h4>\n\n\n\n<p class=\"has-text-align-center\">Dedica\u00e7\u00e3o das equipes administrativa e pedag\u00f3gica em tornar acess\u00edveis cursos de aperfei\u00e7oamento pessoal e profissional ao grande p\u00fablico.<\/p>\n<\/div>\n\n\n\n<div class=\"wp-block-column is-layout-flow wp-block-column-is-layout-flow\">\n<p class=\"has-text-align-center has-x-large-font-size\"><i class=\"fas fa-list-check\"><\/i><\/p>\n\n\n\n<h4 class=\"blockart-heading blockart-heading-dcd61332\">Metas<\/h4>\n\n\n\n<p class=\"has-text-align-center\">Difus\u00e3o do conhecimento por meio de aulas nas Modalidades Presencial e Remora<\/p>\n<\/div>\n<\/div>\n<\/div><\/div>\n<\/div><\/div><\/div>\n\n\n\n<div class=\"blockart-section blockart-section-106cb496\"><div class=\"blockart-container-fluid\"><div class=\"blockart-section-inner\">\n<div class=\"blockart-column blockart-column-0a318488\"><div class=\"blockart-column-inner\">\n<div class=\"wp-block-media-text alignwide has-media-on-the-right is-stacked-on-mobile\"><div class=\"wp-block-media-text__content\">\n<h2 class=\"blockart-heading blockart-heading-19fa0766\">Ideias que Deram Certo<\/h2>\n\n\n\n<hr class=\"wp-block-separator has-alpha-channel-opacity\"\/>\n\n\n\n<p class=\"texto-justificado\">O PROLINFO \u00e9 a concretiza\u00e7\u00e3o de ideais no \u00e2mbito educacional, pois viabiliza o conhecimento com o menor investimento poss\u00edvel ao mesmo tempo em que cria oportunidades \u00fanicas para a forma\u00e7\u00e3o de professores.<\/p>\n\n\n\n<p class=\"texto-justificado\">Criado em 2002, por iniciativa da antiga Pr\u00f3-Reitoria de Desenvolvimento Institucional e Extens\u00e3o da Universidade de Pernambuco (PRODINE), o PROLINFO vem contribuindo para a qualifica\u00e7\u00e3o dos professores e servidores da pr\u00f3pria Universidade assim como para todo o p\u00fablico externo interessado e que atendam aos requisitos de inscri\u00e7\u00e3o. Ao mesmo tempo, o Programa atua&nbsp;efetivamente na forma\u00e7\u00e3o de professores por meio&nbsp;da pr\u00e1tica pedag\u00f3gica de graduandos, especialistas, mestrandos e doutorandos das&nbsp;\u00e1reas de&nbsp;Letras, Ci\u00eancia da Computa\u00e7\u00e3o, Design Gr\u00e1fico e Matem\u00e1tica&nbsp;que desejam ter a experi\u00eancia em sala de aula.<\/p>\n\n\n\n<p class=\"texto-justificado\">Os professores&nbsp;aprovados no processo seletivo passam por uma forma\u00e7\u00e3o inicial atrav\u00e9s de encontros pedag\u00f3gicos sempre organizados pela Coordena\u00e7\u00e3o Pedag\u00f3gica. A equipe selecionada recebe um acompanhamento sistem\u00e1tico e cont\u00ednuo a fim de proporcionar um melhor aprendizado aos alunos; esse processo contribui para a forma\u00e7\u00e3o acad\u00eamica e profissional do graduando. Estes s\u00e3o os jovens mais promissores da UPE.<\/p>\n<\/div><figure class=\"wp-block-media-text__media\"><img decoding=\"async\" width=\"1024\" height=\"576\" src=\"https:\/\/prolinfo.com.br\/site\/wp-content\/uploads\/2023\/01\/logo-1024x576.png\" alt=\"\" class=\"wp-image-1278 size-full\" srcset=\"https:\/\/prolinfo.com.br\/site\/wp-content\/uploads\/2023\/01\/logo-1024x576.png 1024w, https:\/\/prolinfo.com.br\/site\/wp-content\/uploads\/2023\/01\/logo-300x169.png 300w, https:\/\/prolinfo.com.br\/site\/wp-content\/uploads\/2023\/01\/logo-768x432.png 768w, https:\/\/prolinfo.com.br\/site\/wp-content\/uploads\/2023\/01\/logo-1536x864.png 1536w, https:\/\/prolinfo.com.br\/site\/wp-content\/uploads\/2023\/01\/logo.png 1920w\" sizes=\"(max-width: 1024px) 100vw, 1024px\" \/><\/figure><\/div>\n<\/div><\/div>\n<\/div><\/div><\/div>\n\n\n\n<div class=\"blockart-section blockart-section-d9231d93\"><div class=\"blockart-container-fluid\"><div class=\"blockart-section-inner\">\n<div class=\"blockart-column blockart-column-360c71fa\"><div class=\"blockart-column-inner\">\n<div class=\"wp-block-media-text alignwide is-stacked-on-mobile\"><figure class=\"wp-block-media-text__media\"><img decoding=\"async\" width=\"1024\" height=\"576\" src=\"https:\/\/prolinfo.com.br\/site\/wp-content\/uploads\/2023\/01\/cena_4_nova-1024x576.jpg\" alt=\"\" class=\"wp-image-1283 size-full\" srcset=\"https:\/\/prolinfo.com.br\/site\/wp-content\/uploads\/2023\/01\/cena_4_nova-1024x576.jpg 1024w, https:\/\/prolinfo.com.br\/site\/wp-content\/uploads\/2023\/01\/cena_4_nova-300x169.jpg 300w, https:\/\/prolinfo.com.br\/site\/wp-content\/uploads\/2023\/01\/cena_4_nova-768x432.jpg 768w, https:\/\/prolinfo.com.br\/site\/wp-content\/uploads\/2023\/01\/cena_4_nova-1536x864.jpg 1536w, https:\/\/prolinfo.com.br\/site\/wp-content\/uploads\/2023\/01\/cena_4_nova.jpg 1920w\" sizes=\"(max-width: 1024px) 100vw, 1024px\" \/><\/figure><div class=\"wp-block-media-text__content\">\n<h2 class=\"blockart-heading blockart-heading-a63f4c45\">Nosso Foco<\/h2>\n\n\n\n<hr class=\"wp-block-separator has-alpha-channel-opacity\"\/>\n\n\n\n<p class=\"texto-justificado\">Neste sistema, os Alunos e Professores s\u00e3o o p\u00fablico-alvo dos benef\u00edcios gerados pelo PROLINFO.<\/p>\n\n\n\n<p class=\"texto-justificado\">S\u00e3o eles quem provocam a fotoss\u00edntese, garantindo, em conjunto com a dedica\u00e7\u00e3o e a experi\u00eancia dos realizadores, a energia necess\u00e1ria para o funcionamento e crescimento do Programa. Portanto, o in\u00edcio do semestre letivo \u00e9 o in\u00edcio do per\u00edodo de flora do PROLINFO, pois \u00e9 o per\u00edodo de desenvolvimento das atividades e dos planejamentos realizados para concretizar os ideais, fazendo com que o prop\u00f3sito social do Programa saia do papel e passe para as salas de aula.<\/p>\n<\/div><\/div>\n<\/div><\/div>\n<\/div><\/div><\/div>\n\n\n\n<div class=\"blockart-section blockart-section-198b14ab\"><div class=\"blockart-container-fluid\"><div class=\"blockart-section-inner\">\n<div class=\"blockart-column blockart-column-b74846a1\"><div class=\"blockart-column-inner\">\n<div class=\"wp-block-media-text alignwide has-media-on-the-right is-stacked-on-mobile\"><div class=\"wp-block-media-text__content\">\n<h2 class=\"blockart-heading blockart-heading-f39a3eec\">Estabilidade e Crescimento<\/h2>\n\n\n\n<hr class=\"wp-block-separator has-alpha-channel-opacity\"\/>\n\n\n\n<p class=\"texto-justificado\">Para por em pr\u00e1tica todas as atividades idealizadas por nossas mentes promissoras, precisamos de uma estrutura grandiosa. Para isso, o Programa utiliza a estrutura Multi Campi da UPE, estando presente na maioria dos Polos da Regi\u00e3o Metropolitana do Recife e crescendo na interioriza\u00e7\u00e3o desde 2013.<\/p>\n\n\n\n<p class=\"texto-justificado\">Nosso Tronco \u00e9 fortalecido por uma metodologia que visa ao benef\u00edcio m\u00e1ximo na troca de conhecimentos e experi\u00eancias entre professores e alunos, mantendo o investimento no valor mais baixo poss\u00edvel, o suficiente apenas para a manuten\u00e7\u00e3o e amplia\u00e7\u00e3o do Programa. Agregamos a tudo isso, ferramentas essenciais para a administra\u00e7\u00e3o e para o crescimento como a informatiza\u00e7\u00e3o e o design, al\u00e9m de uma equipe de profissionais que compartilham os mesmos valores, ideais e metas do PROLINFO.<\/p>\n<\/div><figure class=\"wp-block-media-text__media\"><img decoding=\"async\" width=\"1024\" height=\"464\" src=\"https:\/\/prolinfo.com.br\/site\/wp-content\/uploads\/2023\/01\/Mapa-Branco-Editado-PNG-1024x464.png\" alt=\"\" class=\"wp-image-27419 size-full\" srcset=\"https:\/\/prolinfo.com.br\/site\/wp-content\/uploads\/2023\/01\/Mapa-Branco-Editado-PNG-1024x464.png 1024w, https:\/\/prolinfo.com.br\/site\/wp-content\/uploads\/2023\/01\/Mapa-Branco-Editado-PNG-300x136.png 300w, https:\/\/prolinfo.com.br\/site\/wp-content\/uploads\/2023\/01\/Mapa-Branco-Editado-PNG-768x348.png 768w, https:\/\/prolinfo.com.br\/site\/wp-content\/uploads\/2023\/01\/Mapa-Branco-Editado-PNG.png 1184w\" sizes=\"(max-width: 1024px) 100vw, 1024px\" \/><\/figure><\/div>\n<\/div><\/div>\n<\/div><\/div><\/div>\n\n\n\n<div class=\"blockart-section blockart-section-91dae4ac\"><div class=\"blockart-container-fluid\"><div class=\"blockart-section-inner\">\n<div class=\"blockart-column blockart-column-b3b80346\"><div class=\"blockart-column-inner\">\n<div class=\"wp-block-media-text alignwide is-stacked-on-mobile\" style=\"margin-top:0;margin-right:0;margin-bottom:0;margin-left:0;padding-top:0;padding-right:0;padding-bottom:0;padding-left:0\"><figure class=\"wp-block-media-text__media\"><img decoding=\"async\" width=\"770\" height=\"518\" src=\"https:\/\/prolinfo.com.br\/site\/wp-content\/uploads\/2023\/01\/casarao.jpg\" alt=\"\" class=\"wp-image-1074 size-full\" srcset=\"https:\/\/prolinfo.com.br\/site\/wp-content\/uploads\/2023\/01\/casarao.jpg 770w, https:\/\/prolinfo.com.br\/site\/wp-content\/uploads\/2023\/01\/casarao-300x202.jpg 300w, https:\/\/prolinfo.com.br\/site\/wp-content\/uploads\/2023\/01\/casarao-768x517.jpg 768w\" sizes=\"(max-width: 770px) 100vw, 770px\" \/><\/figure><div class=\"wp-block-media-text__content\">\n<hr class=\"wp-block-separator has-alpha-channel-opacity\"\/>\n\n\n\n<div class=\"wp-block-pb-accordion-item c-accordion__item js-accordion-item no-js is-open\" data-initially-open=\"true\" data-click-to-close=\"true\" data-auto-close=\"true\" data-scroll=\"false\" data-scroll-offset=\"0\"><h2 id=\"at-770\" class=\"c-accordion__title js-accordion-controller\" role=\"button\">PESSOAS E CONQUISTAS<\/h2><div id=\"ac-770\" class=\"c-accordion__content\">\n<p class=\"texto-justificado\">O atual Programa de L\u00ednguas e Inform\u00e1tica cresceu rapidamente, desempenhando seu papel socioeducativo com excel\u00eancia.<\/p>\n\n\n\n<p class=\"texto-justificado\">Durante uma d\u00e9cada esteve instalado na Reitoria da Universidade de Pernambuco, por\u00e9m, o reconhecimento da grandeza e dos bons servi\u00e7os prestados \u00e0 sociedade pernambucana concederam ao PROLINFO um espa\u00e7o mais bem adequado para o atendimento ao p\u00fablico, tornando o antigo Palacete dos Amorins, hoje pr\u00e9dio do Memorial da Universidade de Pernambuco, a nova sede do Programa.<\/p>\n\n\n\n<p class=\"texto-justificado\">Essas e outras conquistas foram&nbsp;fundamentadas pelos&nbsp;embaixadores&nbsp;do Programa, que constru\u00edram e aprofundaram as ra\u00edzes necess\u00e1rias para favorecer o crescimento potencial. Essas ra\u00edzes s\u00e3o compostas por nomes, personalidades que se dedicaram \u00e0 efetiva\u00e7\u00e3o do Programa e&nbsp;ao cumprimento de sua miss\u00e3o&nbsp;desde 2002. O PROLINFO \u00e9 feito por pessoas.<\/p>\n<\/div><\/div>\n\n\n\n<div class=\"wp-block-pb-accordion-item c-accordion__item js-accordion-item no-js\" data-initially-open=\"false\" data-click-to-close=\"true\" data-auto-close=\"true\" data-scroll=\"false\" data-scroll-offset=\"0\"><h2 id=\"at-771\" class=\"c-accordion__title js-accordion-controller\" role=\"button\">SAIBA MAIS SOBRE O CASAR\u00c3O<\/h2><div id=\"ac-771\" class=\"c-accordion__content\">\n<p class=\"texto-justificado\">Fechado e sem uso por dez anos, o casar\u00e3o de n\u00famero 1599 da Avenida Rui Barbosa, nas Gra\u00e7as, Zona Norte do Recife, reabriu suas portas em maio de 2012 como uma unidade da Universidade de Pernambuco (UPE). O sobrado, constru\u00eddo no in\u00edcio do s\u00e9culo 20, estava destru\u00eddo e foi restaurado para funcionar como centro cultural da institui\u00e7\u00e3o. No im\u00f3vel, tamb\u00e9m est\u00e3o instalados o Programa de L\u00ednguas e Inform\u00e1tica (PROLINFO), o Pr\u00e9-Vestibular (PREVUPE) e o Instituto de Apoio \u00e0 UPE (IAUPE). Conhecido no passado como Palacete dos Amorins, o casar\u00e3o era a resid\u00eancia de um comerciante portugu\u00eas. A fam\u00edlia do comendador Amorim viveu no local at\u00e9 os anos 30 ou 40. Quando deixou de ser moradia, o casar\u00e3o abrigou uma escola experimental do Estado e depois serviu como sede da Secretaria de Justi\u00e7a de Pernambuco, de 1999 a 2002.<\/p>\n<\/div><\/div>\n<\/div><\/div>\n<\/div><\/div>\n<\/div><\/div><\/div>\n\n\n\n<div class=\"blockart-section blockart-section-80d3e92d\"><div class=\"blockart-container-fluid\"><div class=\"blockart-section-inner\">\n<div class=\"blockart-column blockart-column-9d8b0a96\"><div class=\"blockart-column-inner\">\n<div class=\"wp-block-media-text alignwide has-media-on-the-right is-stacked-on-mobile\"><div class=\"wp-block-media-text__content\">\n<h2 class=\"blockart-heading blockart-heading-a59f09bd\">Ciclo<\/h2>\n\n\n\n<hr class=\"wp-block-separator has-alpha-channel-opacity\"\/>\n\n\n\n<p class=\"texto-justificado\">O PROLINFO possui a caracter\u00edstica da organicidade, apresentada por uma analogia a um sistema natural.<\/p>\n\n\n\n<p class=\"texto-justificado\">Sendo assim, nosso processo n\u00e3o acaba, pois estamos sempre nos renovando, recome\u00e7ando com uma semente que carrega os resultados das experi\u00eancias anteriores em busca de aprimorar o bom trabalho e corrigir o que for preciso. Por conseguinte, a cada semestre o PROLINFO evolui, destacando-se&nbsp;no contexto&nbsp;educacional de Pernambuco.<\/p>\n\n\n\n<p class=\"texto-justificado\">E ao final de cada semestre, colhemos os resultados: Satisfa\u00e7\u00e3o, aprova\u00e7\u00e3o, cr\u00edticas, sugest\u00f5es e a certeza de que houve uma forte contribui\u00e7\u00e3o para a forma\u00e7\u00e3o profissional de milhares de pessoas. Estes s\u00e3o os frutos de todo o trabalho.<\/p>\n<\/div><figure class=\"wp-block-media-text__media\"><img decoding=\"async\" width=\"1024\" height=\"929\" src=\"https:\/\/prolinfo.com.br\/site\/wp-content\/uploads\/2023\/01\/time-management-tools-that-balance-your-photography-business-and-your-life-2-1024x929.jpg\" alt=\"\" class=\"wp-image-1272 size-full\" srcset=\"https:\/\/prolinfo.com.br\/site\/wp-content\/uploads\/2023\/01\/time-management-tools-that-balance-your-photography-business-and-your-life-2-1024x929.jpg 1024w, https:\/\/prolinfo.com.br\/site\/wp-content\/uploads\/2023\/01\/time-management-tools-that-balance-your-photography-business-and-your-life-2-300x272.jpg 300w, https:\/\/prolinfo.com.br\/site\/wp-content\/uploads\/2023\/01\/time-management-tools-that-balance-your-photography-business-and-your-life-2-768x697.jpg 768w, https:\/\/prolinfo.com.br\/site\/wp-content\/uploads\/2023\/01\/time-management-tools-that-balance-your-photography-business-and-your-life-2.jpg 1100w\" sizes=\"(max-width: 1024px) 100vw, 1024px\" \/><\/figure><\/div>\n<\/div><\/div>\n<\/div><\/div><\/div>\n\n\n\n<div class=\"blockart-section blockart-section-f6aadde4\"><div class=\"blockart-container\"><div class=\"blockart-section-inner\">\n<div class=\"blockart-column blockart-column-40b2a235\"><div class=\"blockart-column-inner\">\n<h2 class=\"blockart-heading blockart-heading-21e9a37f\">Quem faz acontecer<\/h2>\n\n\n\n<div class=\"wp-block-columns is-layout-flex wp-container-core-columns-is-layout-28f84493 wp-block-columns-is-layout-flex\">\n<div class=\"wp-block-column is-layout-flow wp-block-column-is-layout-flow\">\n<p class=\"has-text-align-center has-x-large-font-size\"><i class=\"fas fa-shield-halved\"><\/i><\/p>\n\n\n\n<h4 class=\"blockart-heading blockart-heading-0b58bda1\">Coordenadores\/Assistentes<\/h4>\n\n\n\n<p>Coordenam os processos antes, durante e depois das atividades pedag\u00f3gicas.<br>S\u00e3o tamb\u00e9m os respons\u00e1veis por acompanhar e orientar os professores.<\/p>\n<\/div>\n\n\n\n<div class=\"wp-block-column is-layout-flow wp-block-column-is-layout-flow\">\n<p class=\"has-text-align-center has-x-large-font-size\"><i class=\"fas fa-users\"><\/i><\/p>\n\n\n\n<h4 class=\"blockart-heading blockart-heading-fa671163\">Professores<\/h4>\n\n\n\n<p class=\"has-text-align-center\">Graduandos, p\u00f3s-graduandos e profissionais formados que transmitem todo o aprendizado e bagagem cultural com empenho, criando uma rela\u00e7\u00e3o emp\u00e1tica com os alunos<\/p>\n<\/div>\n\n\n\n<div class=\"wp-block-column is-layout-flow wp-block-column-is-layout-flow\">\n<p class=\"has-text-align-center has-x-large-font-size\"><i class=\"fas fa-pencil\"><\/i><\/p>\n\n\n\n<h4 class=\"blockart-heading blockart-heading-12abd6ce\">Alunos<\/h4>\n\n\n\n<p class=\"has-text-align-center\">Integram o PROLINFO\/UPE que \u00e9 fonte de aprendizado de baixo custo, recebendo ensino de qualidade e forma\u00e7\u00e3o garantida.<\/p>\n<\/div>\n<\/div>\n<\/div><\/div>\n<\/div><\/div><\/div>\n\n\n\n<div class=\"blockart-section blockart-section-309d5800\"><div class=\"blockart-container\"><div class=\"blockart-section-inner\">\n<div class=\"blockart-column blockart-column-4fece1a0\"><div class=\"blockart-column-inner\">\n<div class=\"blockart-section blockart-section-63509dc6\"><div class=\"blockart-container\"><div class=\"blockart-section-inner\">\n<div class=\"blockart-column blockart-column-ddf93960\"><div class=\"blockart-column-inner\">\n<figure class=\"blockart-image blockart-image-adb8b3a6\"><img decoding=\"async\" class=\"wp-image-1130 hover-effect-static filter-none mask mask-none\" src=\"https:\/\/prolinfo.com.br\/site\/wp-content\/uploads\/2023\/01\/sem-foto.png\" alt=\"\" height=\"225\" width=\"300\"\/><\/figure>\n\n\n\n<h3 class=\"blockart-heading blockart-heading-e8907ea6\">Prof. Dr. Carlos Silva<\/h3>\n\n\n\n<p class=\"blockart-paragraph blockart-paragraph-249710fd\">Coordena\u00e7\u00e3o-Geral<br><\/p>\n\n\n\n<figure class=\"blockart-image blockart-image-5dd0ec2a\"><img decoding=\"async\" class=\"wp-image-1130 hover-effect-static filter-none mask mask-none\" src=\"https:\/\/prolinfo.com.br\/site\/wp-content\/uploads\/2023\/01\/sem-foto.png\" alt=\"\" height=\"225\" width=\"300\"\/><\/figure>\n\n\n\n<h3 class=\"blockart-heading blockart-heading-f091888d\">Jefferson Fernandes<\/h3>\n\n\n\n<p class=\"blockart-paragraph blockart-paragraph-94915513\">Coordena\u00e7\u00e3o TI<\/p>\n\n\n\n<figure class=\"blockart-image blockart-image-d640ded6\"><img decoding=\"async\" class=\"wp-image-1130 hover-effect-static filter-none mask mask-none\" src=\"https:\/\/prolinfo.com.br\/site\/wp-content\/uploads\/2023\/01\/sem-foto.png\" alt=\"\" height=\"225\" width=\"300\"\/><\/figure>\n\n\n\n<h3 class=\"blockart-heading blockart-heading-9f244cd8\">Jana\u00edna Silva<\/h3>\n\n\n\n<p class=\"blockart-paragraph blockart-paragraph-7f6f8e94\">Assistente do Polo Palmares<\/p>\n<\/div><\/div>\n\n\n\n<div class=\"blockart-column blockart-column-0310b1be\"><div class=\"blockart-column-inner\">\n<figure class=\"blockart-image blockart-image-95c6eb6a\"><img decoding=\"async\" class=\"wp-image-1130 hover-effect-static filter-none mask mask-none\" src=\"https:\/\/prolinfo.com.br\/site\/wp-content\/uploads\/2023\/01\/sem-foto.png\" alt=\"\" height=\"225\" width=\"300\"\/><\/figure>\n\n\n\n<h3 class=\"blockart-heading blockart-heading-739bfac1\">Prof\u00aa. MS. Rozineide Ferraz<\/h3>\n\n\n\n<p class=\"blockart-paragraph blockart-paragraph-86b22388\">Coordena\u00e7\u00e3o de Projetos<\/p>\n\n\n\n<figure class=\"blockart-image blockart-image-31275dfc\"><img decoding=\"async\" class=\"wp-image-1130 hover-effect-static filter-none mask mask-none\" src=\"https:\/\/prolinfo.com.br\/site\/wp-content\/uploads\/2023\/01\/sem-foto.png\" alt=\"\" height=\"225\" width=\"300\"\/><\/figure>\n\n\n\n<h3 class=\"blockart-heading blockart-heading-1dea8e6e\">Thamires Amanda<\/h3>\n\n\n\n<p class=\"blockart-paragraph blockart-paragraph-34bfdd33\">Assistente do Polo Paulista<\/p>\n\n\n\n<figure class=\"blockart-image blockart-image-6c7e7bed\"><img decoding=\"async\" class=\"wp-image-1130 hover-effect-static filter-none mask mask-none\" src=\"https:\/\/prolinfo.com.br\/site\/wp-content\/uploads\/2023\/01\/sem-foto.png\" alt=\"\" height=\"225\" width=\"300\"\/><\/figure>\n\n\n\n<h3 class=\"blockart-heading blockart-heading-49b4267b\">Rubiana Valdemiro<\/h3>\n\n\n\n<p class=\"blockart-paragraph blockart-paragraph-f0edc3b5\">Assistente do Polo Caruaru<\/p>\n<\/div><\/div>\n\n\n\n<div class=\"blockart-column blockart-column-7ff7bb5e\"><div class=\"blockart-column-inner\">\n<figure class=\"blockart-image blockart-image-9b532023\"><img decoding=\"async\" class=\"wp-image-1130 hover-effect-static filter-none mask mask-none\" src=\"https:\/\/prolinfo.com.br\/site\/wp-content\/uploads\/2023\/01\/sem-foto.png\" alt=\"\" height=\"225\" width=\"300\"\/><\/figure>\n\n\n\n<h3 class=\"blockart-heading blockart-heading-b39ce9ec\">Prof. MS. David Lima<\/h3>\n\n\n\n<p class=\"blockart-paragraph blockart-paragraph-66acb076\">Coordena\u00e7\u00e3o Did\u00e1tico-Pedag\u00f3gica<\/p>\n\n\n\n<figure class=\"blockart-image blockart-image-a76bc3d4\"><img decoding=\"async\" class=\"wp-image-1130 hover-effect-static filter-none mask mask-none\" src=\"https:\/\/prolinfo.com.br\/site\/wp-content\/uploads\/2023\/01\/sem-foto.png\" alt=\"\" height=\"225\" width=\"300\"\/><\/figure>\n\n\n\n<h3 class=\"blockart-heading blockart-heading-7018f119\">Camila Silva Souza<\/h3>\n\n\n\n<p class=\"blockart-paragraph blockart-paragraph-7aee3dde\">Assistente do Polo Camaragibe<\/p>\n\n\n\n<figure class=\"blockart-image blockart-image-b79a1282\"><img decoding=\"async\" class=\"wp-image-1130 hover-effect-static filter-none mask mask-none\" src=\"https:\/\/prolinfo.com.br\/site\/wp-content\/uploads\/2023\/01\/sem-foto.png\" alt=\"\" height=\"225\" width=\"300\"\/><\/figure>\n\n\n\n<h3 class=\"blockart-heading blockart-heading-66db3420\">Maria Helo\u00edsa Araujo<\/h3>\n\n\n\n<p class=\"blockart-paragraph blockart-paragraph-cf628ad0\">Assistente do Polo Garanhuns<\/p>\n<\/div><\/div>\n\n\n\n<div class=\"blockart-column blockart-column-12a9de55\"><div class=\"blockart-column-inner\">\n<figure class=\"blockart-image blockart-image-4cf6b371\"><img decoding=\"async\" class=\"wp-image-1130 hover-effect-static filter-none mask mask-none\" src=\"https:\/\/prolinfo.com.br\/site\/wp-content\/uploads\/2023\/01\/sem-foto.png\" alt=\"\" height=\"225\" width=\"300\"\/><\/figure>\n\n\n\n<h3 class=\"blockart-heading blockart-heading-204fac1a\">Prof\u00aa MS. Anuska Vaz<\/h3>\n\n\n\n<p class=\"blockart-paragraph blockart-paragraph-52074250\">Coordena\u00e7\u00e3o M\u00eddias Sociais<\/p>\n\n\n\n<figure class=\"blockart-image blockart-image-42bceb87\"><img decoding=\"async\" class=\"wp-image-1130 hover-effect-static filter-none mask mask-none\" src=\"https:\/\/prolinfo.com.br\/site\/wp-content\/uploads\/2023\/01\/sem-foto.png\" alt=\"\" height=\"225\" width=\"300\"\/><\/figure>\n\n\n\n<h3 class=\"blockart-heading blockart-heading-0781728a\">Rosallye Muniz<\/h3>\n\n\n\n<p class=\"blockart-paragraph blockart-paragraph-f2b28a3e\">Assistente do Polo Nazar\u00e9 da Mata<\/p>\n\n\n\n<figure class=\"blockart-image blockart-image-3e1d8edc\"><img decoding=\"async\" class=\"wp-image-1130 hover-effect-static filter-none mask mask-none\" src=\"https:\/\/prolinfo.com.br\/site\/wp-content\/uploads\/2023\/01\/sem-foto.png\" alt=\"\" height=\"225\" width=\"300\"\/><\/figure>\n\n\n\n<h3 class=\"blockart-heading blockart-heading-cc635eae\">Maria Clara Freire<\/h3>\n\n\n\n<p class=\"blockart-paragraph blockart-paragraph-1165353f\">Assistente do Polo Petrolina<\/p>\n<\/div><\/div>\n<\/div><\/div><\/div>\n<\/div><\/div>\n<\/div><\/div><\/div>\n","protected":false},"excerpt":{"rendered":"","protected":false},"author":1,"featured_media":0,"parent":0,"menu_order":0,"comment_status":"closed","ping_status":"closed","template":"page-templates\/pagebuilder.php","meta":{"_uag_custom_page_level_css":"","_joinchat":[],"footnotes":""},"class_list":["post-77","page","type-page","status-publish","hentry"],"uagb_featured_image_src":{"full":false,"thumbnail":false,"medium":false,"medium_large":false,"large":false,"1536x1536":false,"2048x2048":false},"uagb_author_info":{"display_name":"nathanael","author_link":"https:\/\/prolinfo.com.br\/site\/author\/nathanael\/"},"uagb_comment_info":0,"uagb_excerpt":null,"_links":{"self":[{"href":"https:\/\/prolinfo.com.br\/site\/wp-json\/wp\/v2\/pages\/77","targetHints":{"allow":["GET"]}}],"collection":[{"href":"https:\/\/prolinfo.com.br\/site\/wp-json\/wp\/v2\/pages"}],"about":[{"href":"https:\/\/prolinfo.com.br\/site\/wp-json\/wp\/v2\/types\/page"}],"author":[{"embeddable":true,"href":"https:\/\/prolinfo.com.br\/site\/wp-json\/wp\/v2\/users\/1"}],"replies":[{"embeddable":true,"href":"https:\/\/prolinfo.com.br\/site\/wp-json\/wp\/v2\/comments?post=77"}],"version-history":[{"count":158,"href":"https:\/\/prolinfo.com.br\/site\/wp-json\/wp\/v2\/pages\/77\/revisions"}],"predecessor-version":[{"id":28906,"href":"https:\/\/prolinfo.com.br\/site\/wp-json\/wp\/v2\/pages\/77\/revisions\/28906"}],"wp:attachment":[{"href":"https:\/\/prolinfo.com.br\/site\/wp-json\/wp\/v2\/media?parent=77"}],"curies":[{"name":"wp","href":"https:\/\/api.w.org\/{rel}","templated":true}]}}