{"id":29162,"date":"2026-02-19T12:57:55","date_gmt":"2026-02-19T12:57:55","guid":{"rendered":"https:\/\/prolinfo.com.br\/site\/?page_id=29162"},"modified":"2026-02-19T13:03:16","modified_gmt":"2026-02-19T13:03:16","slug":"coreldraw-2","status":"publish","type":"page","link":"https:\/\/prolinfo.com.br\/site\/cursos\/coreldraw-2\/","title":{"rendered":"Prolinfinho Coders"},"content":{"rendered":"\n<div class=\"blockart-section blockart-section-123ada02\"><div class=\"blockart-overlay\"><\/div><div class=\"blockart-container\"><div class=\"blockart-section-inner blockart-height-fit-to-screen\">\n<div class=\"blockart-column blockart-column-937362d8\"><div class=\"blockart-column-inner\">\n<h1 class=\"blockart-heading blockart-heading-038cc4fc\">Prolinfinho Coders<\/h1>\n\n\n\n<p class=\"blockart-paragraph blockart-paragraph-72bde366\">Construindo o futuro linha por linha.<\/p>\n<\/div><\/div>\n<\/div><\/div><\/div>\n\n\n\n<hr class=\"wp-block-separator has-alpha-channel-opacity\"\/>\n\n\n\t\t<div class=\"container service_style2 wlsbp-service-29168\">\r\n\t\t<div class=\"row\">\r\n\t\t\t\t<div class=\"wlsbp col-md-3 col-sm-6 sbp_grid\">\r\n\t\t\t<div class=\"ServiceShowcase wlsbp-style2-service-bg-color-29168\">\r\n\t\t\t\t\t\t\t\t<div class=\"wlsbp-style2-service-icon wlsbp-style2-service-icon-29168\"><i class=\"fas fa-book\"><\/i>\r\n\t\t\t\t<\/div>\r\n\t\t\t\t\t\t\t\t\t\t\t\t\t<h3 class=\"wlsbp-style2-service-title wlsbp-style2-service-title-29168\">Material Did\u00e1tico<\/h3>\r\n\t\t\t\t\t\t\t\t\t\t\t\t\t<p class=\"wlsbp-style2-service-desc wlsbp-style2-service-desc-29168\">Os materiais s\u00e3o disponibilizados gratuitamente para download no Portal do Aluno.<\/p>\r\n\t\t\t\t\t\t\t\t\t\t\t<\/div>\r\n\t\t<\/div>\r\n\t\t\t\t\t\t<div class=\"wlsbp col-md-3 col-sm-6 sbp_grid\">\r\n\t\t\t<div class=\"ServiceShowcase wlsbp-style2-service-bg-color-29168\">\r\n\t\t\t\t\t\t\t\t<div class=\"wlsbp-style2-service-icon wlsbp-style2-service-icon-29168\"><i class=\"fas fa-chalkboard-teacher\"><\/i>\r\n\t\t\t\t<\/div>\r\n\t\t\t\t\t\t\t\t\t\t\t\t\t<h3 class=\"wlsbp-style2-service-title wlsbp-style2-service-title-29168\">Professores<\/h3>\r\n\t\t\t\t\t\t\t\t\t\t\t\t\t<p class=\"wlsbp-style2-service-desc wlsbp-style2-service-desc-29168\">A did\u00e1tica \u00e9 associada \u00e0 empatia para construir uma metodologia de ensino inovadora.<\/p>\r\n\t\t\t\t\t\t\t\t\t\t\t<\/div>\r\n\t\t<\/div>\r\n\t\t\t\t\t\t<div class=\"wlsbp col-md-3 col-sm-6 sbp_grid\">\r\n\t\t\t<div class=\"ServiceShowcase wlsbp-style2-service-bg-color-29168\">\r\n\t\t\t\t\t\t\t\t<div class=\"wlsbp-style2-service-icon wlsbp-style2-service-icon-29168\"><i class=\"fas fa-tag\"><\/i>\r\n\t\t\t\t<\/div>\r\n\t\t\t\t\t\t\t\t\t\t\t\t\t<h3 class=\"wlsbp-style2-service-title wlsbp-style2-service-title-29168\">Dados do Curso<\/h3>\r\n\t\t\t\t\t\t\t\t\t\t\t\t\t<p class=\"wlsbp-style2-service-desc wlsbp-style2-service-desc-29168\"><b>Dura\u00e7\u00e3o:<\/b> 4 meses<br>\r\n<b>Carga Hor\u00e1ria:<\/b> 40 horas-aula<br>\r\n<b>M\u00f3dulos:<\/b> M\u00f3dulo \u00danico<\/p>\r\n\t\t\t\t\t\t\t\t\t\t\t<\/div>\r\n\t\t<\/div>\r\n\t\t\t\t\t\t<div class=\"wlsbp col-md-3 col-sm-6 sbp_grid\">\r\n\t\t\t<div class=\"ServiceShowcase wlsbp-style2-service-bg-color-29168\">\r\n\t\t\t\t\t\t\t\t<div class=\"wlsbp-style2-service-icon wlsbp-style2-service-icon-29168\"><i class=\"fas fa-file-invoice-dollar\"><\/i>\r\n\t\t\t\t<\/div>\r\n\t\t\t\t\t\t\t\t\t\t\t\t\t<h3 class=\"wlsbp-style2-service-title wlsbp-style2-service-title-29168\">Investimento<\/h3>\r\n\t\t\t\t\t\t\t\t\t\t\t\t\t<p class=\"wlsbp-style2-service-desc wlsbp-style2-service-desc-29168\">R$530\/m\u00f3dulo<\/p>\r\n\t\t\t\t\t\t\t\t\t\t\t<\/div>\r\n\t\t<\/div>\r\n\t\t\t\t\t<\/div>\r\n<\/div>\t\t\n\n\n\n<div class=\"blockart-section blockart-section-6dbea2a6\"><div class=\"blockart-container\"><div class=\"blockart-section-inner\">\n<div class=\"blockart-column blockart-column-2a8f717d\"><div class=\"blockart-column-inner\">\n<figure class=\"blockart-image blockart-image-9a15900d\"><img decoding=\"async\" width=\"500\" height=\"500\" class=\"wp-image-29164 hover-effect-static filter-none mask mask-none\" src=\"https:\/\/prolinfo.com.br\/site\/wp-content\/uploads\/2026\/02\/WhatsApp_Image_2025-09-08_at_16.37.27-removebg-preview.png\" alt=\"\" srcset=\"https:\/\/prolinfo.com.br\/site\/wp-content\/uploads\/2026\/02\/WhatsApp_Image_2025-09-08_at_16.37.27-removebg-preview.png 500w, https:\/\/prolinfo.com.br\/site\/wp-content\/uploads\/2026\/02\/WhatsApp_Image_2025-09-08_at_16.37.27-removebg-preview-300x300.png 300w, https:\/\/prolinfo.com.br\/site\/wp-content\/uploads\/2026\/02\/WhatsApp_Image_2025-09-08_at_16.37.27-removebg-preview-150x150.png 150w\" sizes=\"(max-width: 500px) 100vw, 500px\" \/><\/figure>\n<\/div><\/div>\n\n\n\n<div class=\"blockart-column blockart-column-89717047\"><div class=\"blockart-column-inner\">\n<h2 class=\"blockart-heading blockart-heading-09c91258\">O CURSO<\/h2>\n\n\n\n<p class=\"blockart-paragraph blockart-paragraph-e85500df\">No curso <strong>Prolinfinho Coders<\/strong>, o aluno aprender\u00e1 os fundamentos da l\u00f3gica de programa\u00e7\u00e3o, desenvolver\u00e1 o racioc\u00ednio l\u00f3gico, a criatividade e a capacidade de resolu\u00e7\u00e3o de problemas por meio de atividades pr\u00e1ticas e interativas. Durante as aulas, ter\u00e1 contato com conceitos essenciais da programa\u00e7\u00e3o, constru\u00e7\u00e3o de algoritmos, cria\u00e7\u00e3o de pequenos projetos digitais e introdu\u00e7\u00e3o ao pensamento computacional, utilizando ferramentas adequadas \u00e0 sua faixa et\u00e1ria.<br><\/p>\n<\/div><\/div>\n<\/div><\/div><\/div>\n\n\n\n<div class=\"blockart-section blockart-section-fd5a551e\"><div class=\"blockart-container\"><div class=\"blockart-section-inner\">\n<div class=\"blockart-column blockart-column-6ec28baa\"><div class=\"blockart-column-inner\">\n<div class=\"wp-block-columns is-layout-flex wp-container-core-columns-is-layout-28f84493 wp-block-columns-is-layout-flex\">\n<div class=\"wp-block-column is-layout-flow wp-block-column-is-layout-flow\" style=\"flex-basis:10%\"><\/div>\n\n\n\n<div class=\"wp-block-column is-layout-flow wp-block-column-is-layout-flow\" style=\"flex-basis:80%\">\n<p class=\"has-text-align-center has-white-color has-text-color has-large-font-size\">EMENTA<\/p>\n\n\n\n<p class=\"has-text-align-center has-white-color has-text-color\">Introduzir os conceitos de cidadania digital e seguran\u00e7a online.<br>Introduzir linguagens textuais de programa\u00e7\u00e3o (Python, JavaScript, PHP).<\/p>\n\n\n\n<p class=\"has-text-align-center has-white-color has-text-color\">Desenvolver o pensamento l\u00f3gico e a resolu\u00e7\u00e3o de problemas atrav\u00e9s de blocos visuais.<\/p>\n\n\n\n<p class=\"has-text-align-center has-white-color has-text-color\">Estimular a Cria\u00e7\u00e3o de projetos pr\u00e1ticos: Jogos, anima\u00e7\u00f5es, sites e aplicativos simples.<\/p>\n\n\n\n<p class=\"has-text-align-center has-white-color has-text-color\">Iniciar o contato com conceitos de eletr\u00f4nica e IoT, de forma simnples e segura (Arduino).<\/p>\n\n\n\n<div class=\"blockart-buttons blockart-buttons-e78cd08c is-wrap is-horizontal justify-center\">\n<div class=\"blockart-button blockart-button-b3956dab \"><a class=\"blockart-button-link is-large is-style-filled\" href=\"https:\/\/prolinfo.com.br\/site\/wp-content\/uploads\/2026\/02\/Ementa-Prolinfinho-Coders.pdf\" target=\"_blank\" rel=\"noopener\">Baixar Ementa<\/a><\/div>\n<\/div>\n<\/div>\n\n\n\n<div class=\"wp-block-column is-layout-flow wp-block-column-is-layout-flow\" style=\"flex-basis:10%\"><\/div>\n<\/div>\n<\/div><\/div>\n<\/div><\/div><\/div>\n\n\n\n<div class=\"blockart-spacing blockart-spacing-001dba7d\"><div class=\"blockart-spacing-inner\"><\/div><\/div>\n\n\n\n<div class=\"blockart-section blockart-section-1eeb16fd\"><div class=\"blockart-container\"><div class=\"blockart-section-inner\">\n<div class=\"blockart-column blockart-column-6cfa3128\"><div class=\"blockart-column-inner\"><\/div><\/div>\n\n\n\n<div class=\"blockart-column blockart-column-6c927ab2\"><div class=\"blockart-column-inner\"><div ><style id=\"sp_tab_dynamic_style1449\">#sp-tabpro-wrapper_1449.sp-tab__lay-default .sp-tab__tab-content {width: 100%;}#sp-tabpro-wrapper_1449 .animated {-webkit-animation-duration: 500ms;animation-duration: 500ms;}#sp-wp-tabs-wrapper_1449 .sp-tab__nav { justify-content: flex-start; }#sp-wp-tabs-wrapper_1449.sp-tab__lay-default.sp-tab__horizontal-bottom {display: flex;flex-direction: column-reverse;}#sp-wp-tabs-wrapper_1449.sp-tab__lay-default.sp-tab__horizontal-bottom > ul {border-top: 1px solid #cccccc;border-bottom: 0;margin-top: 0;}#sp-wp-tabs-wrapper_1449.sp-tab__lay-default.sp-tab__horizontal-bottom > ul > li .sp-tab__nav-link.sp-tab__active {border-color: transparent #cccccc#cccccc;margin-top: -1px;}#sp-wp-tabs-wrapper_1449.sp-tab__lay-default.sp-tab__horizontal-bottom > ul > li .sp-tab__nav-link,#sp-wp-tabs-wrapper_1449.sp-tab__lay-default.sp-tab__horizontal-bottom > ul > li a,#sp-wp-tabs-wrapper_1449.sp-tab__lay-default.sp-tab__horizontal-bottom > ul > .sp-tab__nav-item {border-top: 0;border-top-left-radius: 0;border-top-right-radius: 0;border-bottom-left-radius: 2px;border-bottom-right-radius: 2px;}#sp-wp-tabs-wrapper_1449.sp-tab__lay-default.sp-tab__horizontal-bottom > ul {border-bottom: none;}#sp-wp-tabs-wrapper_1449.sp-tab__lay-default.sp-tab__horizontal-bottom .sp-tab__tab-content .sp-tab__tab-pane {border-top: 1px solid #cccccc;border-bottom: 0;}#sp-wp-tabs-wrapper_1449.sp-tab__lay-default .sp-tab__tab-content .sp-tab-content > ul,#sp-wp-tabs-wrapper_1449.sp-tab__lay-default .sp-tab__tab-content .sp-tab-content > ol {border-bottom: none;}#sp-wp-tabs-wrapper_1449 .sp-tab__nav-tabs .sp-tab__nav-item.show .sp-tab__nav-link,#sp-wp-tabs-wrapper_1449.sp-tab__lay-default ul li .sp-tab__nav-link.sp-tab__active {border-color: #cccccc#cccccc transparent;}#sp-wp-tabs-wrapper_1449 > .sp-tab__nav-tabs .sp-tab__nav-link.sp-tab__active .sp-tab__tab_title,#sp-wp-tabs-wrapper_1449.sp-tab__lay-default .sp-tab__nav-link > .sp-tab__card-header {color: #ffffff;}#sp-wp-tabs-wrapper_1449.sp-tab__lay-default > ul > li > .sp-tab__nav-link,#sp-wp-tabs-wrapper_1449.sp-tab__lay-default > ul > li > a {cursor: pointer;border-color: #cccccc;padding-top: 15px;padding-right: 15px;padding-bottom: 15px;padding-left: 15px;}#sp-wp-tabs-wrapper_1449 > .sp-tab__nav-tabs .sp-tab__nav-link {border: 1px solid #cccccc;height: 100%;}#sp-wp-tabs-wrapper_1449.sp-tab__lay-default > ul > li .sp-tab__nav-link,#sp-wp-tabs-wrapper_1449.sp-tab__lay-default > ul > li a,#sp-wp-tabs-wrapper_1449.sp-tab__lay-default > ul > .sp-tab__nav-item {border-top-left-radius: 2px;border-top-right-radius: 2px;}#sp-wp-tabs-wrapper_1449 .sp-tab__nav-tabs .sp-tab__nav-item {margin-bottom: -1px; }#sp-wp-tabs-wrapper_1449.sp-tab__lay-default > ul .sp-tab__nav-item {margin-right: 10px;}#sp-wp-tabs-wrapper_1449.sp-tab__lay-default.sp-tab__horizontal-bottom > ul .sp-tab__nav-item {margin-right: 10px;margin-top: 0;}#sp-wp-tabs-wrapper_1449.sp-tab__lay-default > ul .sp-tab__nav-item .sp-tab__nav-link:hover .sp-tab__tab_title,#sp-wp-tabs-wrapper_1449.sp-tab__lay-default > ul .sp-tab__nav-item a:hover .sp-tab__tab_title,#sp-wp-tabs-wrapper_1449.sp-tab__lay-default .sp-tab__nav-link.collapsed .sp-tab__card-header:hover {color: #a3a3a3;transition: .3s;}#sp-wp-tabs-wrapper_1449.sp-tab__lay-default > ul .sp-tab__nav-item,#sp-wp-tabs-wrapper_1449.sp-tab__lay-default .sp-tab__nav-link.collapsed > .sp-tab__card-header {background-color: #073674;transition: 0.3s;}#sp-wp-tabs-wrapper_1449 > .sp-tab__nav-tabs > .sp-tab__nav-item.show .sp-tab__nav-link,#sp-wp-tabs-wrapper_1449 > .sp-tab__nav-tabs > .sp-tab__nav-item .sp-tab__nav-link.sp-tab__active,#sp-wp-tabs-wrapper_1449.sp-tab__lay-default .sp-tab__nav-link > .sp-tab__card-header {background-color: #c12631;}#sp-tabs-wrapper_1449.sp-tab__lay-default > ul .sp-tab__nav-item .sp-tab__nav-link:not(.sp-tab__active):hover,#sp-tabs-wrapper_1449.sp-tab__lay-default .sp-tab__tab-content > .sp-tab__tab-pane .sp-tab__card-header:hover {background-color: #073674;}#sp-wp-tabs-wrapper_1449.sp-tab__lay-default > ul .sp-tab__nav-item:not(.sp-tab__active):hover,#sp-wp-tabs-wrapper_1449.sp-tab__lay-default .sp-tab__nav-link.collapsed > .sp-tab__card-header:hover {background-color: #073674;}#sp-wp-tabs-wrapper_1449.sp-tab__lay-default > ul .sp-tab__nav-item:last-child {margin-right: 0;}#sp-wp-tabs-wrapper_1449.sp-tab__lay-default > .sp-tab__tab-content .sp-tab__tab-pane {border: 1px solid #cccccc;padding-top: 20px;padding-right: 20px;padding-bottom: 20px;padding-left: 20px;background-color: #ffffff;}#sp-wp-tabs-wrapper_1449.sp-tab__lay-default > ul {border-bottom: 1px solid #cccccc;}#sp-wp-tabs-wrapper_1449.sp-tab__lay-default > .sp-tab__tab-content .sp-tab__tab-pane {border-top: 0px;}@media(max-width:480px) {#sp-wp-tabs-wrapper_1449.sp-tab__lay-default > ul li.sp-tab__nav-item {width: 100%;margin-right: 0px;}#sp-wp-tabs-wrapper_1449.sp-tab__lay-default > ul li.sp-tab__nav-item:last-child {margin-bottom: -1px;}}#sp-wp-tabs-wrapper_1449.sp-tab__lay-default > ul .sp-tab__nav-item .sp-tab__tab_title,#sp-wp-tabs-wrapper_1449.sp-tab__lay-default span > .sp-tab__card-header {font-weight: 600;font-style: normal;font-size: 16px;line-height: 22px;letter-spacing: 0px;color: #ffffff;margin: 0px;}#sp-wp-tabs-wrapper_1449.sp-tab__lay-default > .sp-tab__tab-content .sp-tab__tab-pane,#sp-wp-tabs-wrapper_1449.sp-tab__lay-default > .sp-tab__tab-content .sp-tab__tab-pane p {font-weight: 400;font-style: normal;font-size: 16px;line-height: 24px;letter-spacing: 0px;color: #444;}#sp-wp-tabs-wrapper_1449.sp-tab__lay-default > .sp-tab__tab-content .sp-tab__tab-pane ul li a, #sp-wp-tabs-wrapper_1449.sp-tab__lay-default .sp-tab__tab-content .sp-tab__tab-pane ol li a {color: #444;}<\/style>\t\t<div id=\"sp-wp-tabs-wrapper_1449\" class=\"sp-tab__lay-default\" data-preloader=\"1\" data-activemode=\"tabs-activator-event-click\" data-anchor_linking=\"1\">\n\t\t\t<div class=\"sp-tab__preloader\">\n\t\t<div class=\"sp-tab__spinner\">\n\t\t\t<div class=\"rect1\"><\/div>\n\t\t\t<div class=\"rect2\"><\/div>\n\t\t\t<div class=\"rect3\"><\/div>\n\t\t\t<div class=\"rect4\"><\/div>\n\t\t\t<div class=\"rect5\"><\/div>\n\t\t<\/div>\n\t<\/div>\n\t<ul class=\"sp-tab__nav sp-tab__nav-tabs\" id=\"sp-tab__ul\" role=\"tablist\">\n\t\t\t\t<li class=\"sp-tab__nav-item\" role=\"presentation\">\n\t\t\t\t<span class=\"sp-tab__nav-link sp-tab__active\" data-sptoggle=\"tab\" for=\"#tab-14491\" role=\"tab\" aria-controls=tab-14491 aria-selected=true tabindex=0>\n\t\t\t\t\t<span class=\"tab_title_area\"><H4 class=\"sp-tab__tab_title\">Polos Presenciais<\/H4><\/span>\n\t\t\t\t<\/span>\n\t\t\t<\/li>\n\t\t\t<\/ul>\n<div class=\"sp-tab__tab-content\">\n\t\t\t\t<div id=\"tab-14491\" class=\"sp-tab__tab-pane sp-tab__show sp-tab__active\" role=\"tabpanel\">\n\t\t\t\t\t<div class=\"sp-tab-content animated fadeIn\"><ul>\n<li><a href=\"https:\/\/prolinfo.com.br\/site\/informacoes-dos-polos\/#campus-recife\">Recife (Sede do PROLINFO\/UPE)<\/a><\/li>\n<\/ul>\n<\/div>\n\t\t\t\t<\/div>\n\t\t\t\t<\/div>\n\t\t<\/div>\n\t\t<\/div><\/div><\/div>\n\n\n\n<div class=\"blockart-column blockart-column-6ad02df1\"><div class=\"blockart-column-inner\"><\/div><\/div>\n<\/div><\/div><\/div>\n","protected":false},"excerpt":{"rendered":"","protected":false},"author":5,"featured_media":0,"parent":920,"menu_order":0,"comment_status":"closed","ping_status":"closed","template":"","meta":{"_uag_custom_page_level_css":"","_joinchat":[],"footnotes":""},"class_list":["post-29162","page","type-page","status-publish","hentry"],"uagb_featured_image_src":{"full":false,"thumbnail":false,"medium":false,"medium_large":false,"large":false,"1536x1536":false,"2048x2048":false},"uagb_author_info":{"display_name":"Jefferson Fernandes","author_link":"https:\/\/prolinfo.com.br\/site\/author\/jefferson\/"},"uagb_comment_info":0,"uagb_excerpt":null,"_links":{"self":[{"href":"https:\/\/prolinfo.com.br\/site\/wp-json\/wp\/v2\/pages\/29162","targetHints":{"allow":["GET"]}}],"collection":[{"href":"https:\/\/prolinfo.com.br\/site\/wp-json\/wp\/v2\/pages"}],"about":[{"href":"https:\/\/prolinfo.com.br\/site\/wp-json\/wp\/v2\/types\/page"}],"author":[{"embeddable":true,"href":"https:\/\/prolinfo.com.br\/site\/wp-json\/wp\/v2\/users\/5"}],"replies":[{"embeddable":true,"href":"https:\/\/prolinfo.com.br\/site\/wp-json\/wp\/v2\/comments?post=29162"}],"version-history":[{"count":4,"href":"https:\/\/prolinfo.com.br\/site\/wp-json\/wp\/v2\/pages\/29162\/revisions"}],"predecessor-version":[{"id":29170,"href":"https:\/\/prolinfo.com.br\/site\/wp-json\/wp\/v2\/pages\/29162\/revisions\/29170"}],"up":[{"embeddable":true,"href":"https:\/\/prolinfo.com.br\/site\/wp-json\/wp\/v2\/pages\/920"}],"wp:attachment":[{"href":"https:\/\/prolinfo.com.br\/site\/wp-json\/wp\/v2\/media?parent=29162"}],"curies":[{"name":"wp","href":"https:\/\/api.w.org\/{rel}","templated":true}]}}