{"id":1769,"date":"2023-01-13T00:58:45","date_gmt":"2023-01-13T00:58:45","guid":{"rendered":"https:\/\/prolinfo.com.br\/site\/?page_id=1769"},"modified":"2023-01-28T14:50:41","modified_gmt":"2023-01-28T14:50:41","slug":"convenios","status":"publish","type":"page","link":"https:\/\/prolinfo.com.br\/site\/matriculas\/convenios\/","title":{"rendered":"Conv\u00eanios"},"content":{"rendered":"\n<div class=\"blockart-section blockart-section-aedeb537\"><div class=\"blockart-container\"><div class=\"blockart-section-inner\">\n<div class=\"blockart-column blockart-column-a3b1ea49\"><div class=\"blockart-column-inner\">\n<h2 class=\"blockart-heading blockart-heading-2e7e8928\">CONV\u00caNIOS COM 50% DE DESCONTO<\/h2>\n\n\n\n<div class=\"wp-block-columns is-layout-flex wp-container-core-columns-is-layout-28f84493 wp-block-columns-is-layout-flex\">\n<div class=\"wp-block-column is-layout-flow wp-block-column-is-layout-flow\">\n<div class=\"blockart-image blockart-image-7294a9cc\"><img decoding=\"async\" class=\"wp-image-1386\" src=\"https:\/\/prolinfo.com.br\/site\/wp-content\/uploads\/2023\/01\/upe-vector.png\" alt=\"Logo da Universidade de Pernambuco\" height=\"595\" width=\"842\" srcset=\"https:\/\/prolinfo.com.br\/site\/wp-content\/uploads\/2023\/01\/upe-vector.png 842w, https:\/\/prolinfo.com.br\/site\/wp-content\/uploads\/2023\/01\/upe-vector-300x212.png 300w, https:\/\/prolinfo.com.br\/site\/wp-content\/uploads\/2023\/01\/upe-vector-768x543.png 768w\" sizes=\"(max-width: 842px) 100vw, 842px\" \/><\/div>\n\n\n\n<h3 class=\"blockart-heading blockart-heading-f2f3d911\">Alunos e funcion\u00e1rios (ativos e aposentados)<\/h3>\n<\/div>\n\n\n\n<div class=\"wp-block-column is-layout-flow wp-block-column-is-layout-flow\">\n<div class=\"blockart-image blockart-image-d5151922\"><img decoding=\"async\" width=\"434\" height=\"434\" class=\"wp-image-21760\" src=\"https:\/\/prolinfo.com.br\/site\/wp-content\/uploads\/2023\/01\/CPMPE.jpg\" alt=\"\" srcset=\"https:\/\/prolinfo.com.br\/site\/wp-content\/uploads\/2023\/01\/CPMPE.jpg 434w, https:\/\/prolinfo.com.br\/site\/wp-content\/uploads\/2023\/01\/CPMPE-300x300.jpg 300w, https:\/\/prolinfo.com.br\/site\/wp-content\/uploads\/2023\/01\/CPMPE-150x150.jpg 150w\" sizes=\"(max-width: 434px) 100vw, 434px\" \/><\/div>\n\n\n\n<h3 class=\"blockart-heading blockart-heading-5ec5cb83\">Alunos e funcion\u00e1rios (ativos)<\/h3>\n<\/div>\n\n\n\n<div class=\"wp-block-column is-layout-flow wp-block-column-is-layout-flow\">\n<div class=\"blockart-image blockart-image-c9d7f653\"><img decoding=\"async\" width=\"299\" height=\"168\" class=\"wp-image-21762\" src=\"https:\/\/prolinfo.com.br\/site\/wp-content\/uploads\/2023\/01\/ETE.png\" alt=\"\"\/><\/div>\n\n\n\n<h3 class=\"blockart-heading blockart-heading-e073576c\">Alunos e funcion\u00e1rios (ativos)<\/h3>\n<\/div>\n<\/div>\n<\/div><\/div>\n<\/div><\/div><\/div>\n\n\n\n<div class=\"blockart-section blockart-section-39dc2600\"><div class=\"blockart-container\"><div class=\"blockart-section-inner\">\n<div class=\"blockart-column blockart-column-1d9fa41e\"><div class=\"blockart-column-inner\">\n<h2 class=\"blockart-heading blockart-heading-ae6bf320\">CONV\u00caNIOS COM 10% DE DESCONTO<\/h2>\n\n\n\n<div class=\"wp-block-columns is-layout-flex wp-container-core-columns-is-layout-28f84493 wp-block-columns-is-layout-flex\">\n<div class=\"wp-block-column is-layout-flow wp-block-column-is-layout-flow\">\n<div class=\"blockart-image blockart-image-14cd1056\"><img decoding=\"async\" class=\"wp-image-22351\" src=\"https:\/\/prolinfo.com.br\/site\/wp-content\/uploads\/2023\/01\/SINPRF-PE.png\" alt=\"\" height=\"1262\" width=\"1262\" srcset=\"https:\/\/prolinfo.com.br\/site\/wp-content\/uploads\/2023\/01\/SINPRF-PE.png 1262w, https:\/\/prolinfo.com.br\/site\/wp-content\/uploads\/2023\/01\/SINPRF-PE-300x300.png 300w, https:\/\/prolinfo.com.br\/site\/wp-content\/uploads\/2023\/01\/SINPRF-PE-1024x1024.png 1024w, https:\/\/prolinfo.com.br\/site\/wp-content\/uploads\/2023\/01\/SINPRF-PE-150x150.png 150w, https:\/\/prolinfo.com.br\/site\/wp-content\/uploads\/2023\/01\/SINPRF-PE-768x768.png 768w\" sizes=\"(max-width: 1262px) 100vw, 1262px\" \/><\/div>\n\n\n\n<h3 class=\"blockart-heading blockart-heading-3fdc1fe8\">Associados ao SINPRF-PE<\/h3>\n<\/div>\n<\/div>\n<\/div><\/div>\n<\/div><\/div><\/div>\n\n\n\n<div class=\"blockart-section blockart-section-ba906b87\"><div class=\"blockart-container\"><div class=\"blockart-section-inner\">\n<div class=\"blockart-column blockart-column-d7ac0357\"><div class=\"blockart-column-inner\"><\/div><\/div>\n\n\n\n<div class=\"blockart-column blockart-column-054c3758\"><div class=\"blockart-column-inner\">\n<p>Para solicitar o seu desconto, entre em contato com a nossa secretaria via WhatsApp<strong><mark style=\"background-color:rgba(0, 0, 0, 0);color:#98111b\" class=\"has-inline-color\"> (81) 99611.6166<\/mark><\/strong> ou e-mail<strong><mark style=\"background-color:rgba(0, 0, 0, 0);color:#98111b\" class=\"has-inline-color\"> contato@prolinfo.com.br<\/mark><\/strong> , informando seus dados pessoais e anexando o comprovante de v\u00ednculo com a institui\u00e7\u00e3o.<\/p>\n<\/div><\/div>\n\n\n\n<div class=\"blockart-column blockart-column-bb0f663c\"><div class=\"blockart-column-inner\"><\/div><\/div>\n<\/div><\/div><\/div>\n","protected":false},"excerpt":{"rendered":"","protected":false},"author":1,"featured_media":0,"parent":1532,"menu_order":0,"comment_status":"closed","ping_status":"closed","template":"","meta":{"_uag_custom_page_level_css":"","_joinchat":[],"footnotes":""},"class_list":["post-1769","page","type-page","status-publish","hentry"],"uagb_featured_image_src":{"full":false,"thumbnail":false,"medium":false,"medium_large":false,"large":false,"1536x1536":false,"2048x2048":false},"uagb_author_info":{"display_name":"nathanael","author_link":"https:\/\/prolinfo.com.br\/site\/author\/nathanael\/"},"uagb_comment_info":0,"uagb_excerpt":null,"_links":{"self":[{"href":"https:\/\/prolinfo.com.br\/site\/wp-json\/wp\/v2\/pages\/1769","targetHints":{"allow":["GET"]}}],"collection":[{"href":"https:\/\/prolinfo.com.br\/site\/wp-json\/wp\/v2\/pages"}],"about":[{"href":"https:\/\/prolinfo.com.br\/site\/wp-json\/wp\/v2\/types\/page"}],"author":[{"embeddable":true,"href":"https:\/\/prolinfo.com.br\/site\/wp-json\/wp\/v2\/users\/1"}],"replies":[{"embeddable":true,"href":"https:\/\/prolinfo.com.br\/site\/wp-json\/wp\/v2\/comments?post=1769"}],"version-history":[{"count":15,"href":"https:\/\/prolinfo.com.br\/site\/wp-json\/wp\/v2\/pages\/1769\/revisions"}],"predecessor-version":[{"id":27213,"href":"https:\/\/prolinfo.com.br\/site\/wp-json\/wp\/v2\/pages\/1769\/revisions\/27213"}],"up":[{"embeddable":true,"href":"https:\/\/prolinfo.com.br\/site\/wp-json\/wp\/v2\/pages\/1532"}],"wp:attachment":[{"href":"https:\/\/prolinfo.com.br\/site\/wp-json\/wp\/v2\/media?parent=1769"}],"curies":[{"name":"wp","href":"https:\/\/api.w.org\/{rel}","templated":true}]}}