{"id":1591,"date":"2023-01-10T23:13:04","date_gmt":"2023-01-10T23:13:04","guid":{"rendered":"https:\/\/prolinfo.com.br\/site\/?page_id=1591"},"modified":"2023-01-30T14:07:27","modified_gmt":"2023-01-30T14:07:27","slug":"nivelamento","status":"publish","type":"page","link":"https:\/\/prolinfo.com.br\/site\/matriculas\/nivelamento\/","title":{"rendered":"Nivelamento"},"content":{"rendered":"\n<div class=\"blockart-section blockart-section-5f05306a\"><div class=\"blockart-container-fluid\"><div class=\"blockart-section-inner\">\n<div class=\"blockart-column blockart-column-304c9c98\"><div class=\"blockart-column-inner\">\n<div class=\"wp-block-media-text alignwide is-stacked-on-mobile\" style=\"margin-top:var(--wp--preset--spacing--50);margin-right:var(--wp--preset--spacing--50);margin-bottom:var(--wp--preset--spacing--50);margin-left:var(--wp--preset--spacing--50)\"><figure class=\"wp-block-media-text__media\"><img decoding=\"async\" width=\"1024\" height=\"576\" src=\"https:\/\/prolinfo.com.br\/site\/wp-content\/uploads\/2023\/01\/interview-secrets-introverts-1024x576.jpg\" alt=\"\" class=\"wp-image-1595 size-full\" srcset=\"https:\/\/prolinfo.com.br\/site\/wp-content\/uploads\/2023\/01\/interview-secrets-introverts-1024x576.jpg 1024w, https:\/\/prolinfo.com.br\/site\/wp-content\/uploads\/2023\/01\/interview-secrets-introverts-300x169.jpg 300w, https:\/\/prolinfo.com.br\/site\/wp-content\/uploads\/2023\/01\/interview-secrets-introverts-768x432.jpg 768w, https:\/\/prolinfo.com.br\/site\/wp-content\/uploads\/2023\/01\/interview-secrets-introverts-1536x864.jpg 1536w, https:\/\/prolinfo.com.br\/site\/wp-content\/uploads\/2023\/01\/interview-secrets-introverts.jpg 1920w\" sizes=\"(max-width: 1024px) 100vw, 1024px\" \/><\/figure><div class=\"wp-block-media-text__content\">\n<h2 class=\"blockart-heading blockart-heading-b5a9066a\">QUEM PRECISA FAZER O\u00a0TESTE DE NIVELAMENTO?<\/h2>\n\n\n\n<p>No caso de alunos novatos com conhecimento pr\u00e9vio do idioma (Ingl\u00eas ou Espanhol), que n\u00e3o precisam come\u00e7ar o curso do N\u00edvel 1, basta agendar o teste atrav\u00e9s de nossos canais de comunica\u00e7\u00e3o \u2013 telefones, WhatsApp, e-mail e redes sociais \u2013 dentro do per\u00edodo indicado no Edital de Matr\u00edcula.<br>No caso de alunos veteranos afastados por dois (02) ou mais semestres letivos, tamb\u00e9m existe a necessidade de agendar um teste de nivelamento.<br>O teste, que deve ser realizado antes da matr\u00edcula, \u00e9 gratuito e composto de uma entrevista oral online, agendada previamente.<br>O teste pode acontecer de segunda a sexta-feira, das 10h \u00e0s 16h.<\/p>\n<\/div><\/div>\n<\/div><\/div>\n<\/div><\/div><\/div>\n\n\n\n<div class=\"blockart-section blockart-section-ed9fddd3\"><div class=\"blockart-container\"><div class=\"blockart-section-inner\">\n<div class=\"blockart-column blockart-column-286288d8\"><div class=\"blockart-column-inner\">\n<div class=\"wp-block-columns is-layout-flex wp-container-core-columns-is-layout-28f84493 wp-block-columns-is-layout-flex\">\n<div class=\"wp-block-column is-layout-flow wp-block-column-is-layout-flow\">\n<div class=\"wp-block-uagb-call-to-action uagb-block-b64d1a2b wp-block-button\"><div class=\"uagb-cta__wrap\"><h3 class=\"uagb-cta__title\">Agendar Teste<\/h3><p class=\"uagb-cta__desc\">Para os cursos de Ingl\u00eas  e Espanhol<\/p><\/div><div class=\"uagb-cta__buttons\"><a href=\"https:\/\/forms.gle\/VQaCE4hvVZS4ftxV8\" class=\"uagb-cta__button-link-wrapper wp-block-button__link\" target=\"_blank\" rel=\"noopener noreferrer\">Agendar<\/a><\/div><\/div>\n<\/div>\n<\/div>\n<\/div><\/div>\n<\/div><\/div><\/div>\n","protected":false},"excerpt":{"rendered":"","protected":false},"author":1,"featured_media":0,"parent":1532,"menu_order":0,"comment_status":"closed","ping_status":"closed","template":"page-templates\/pagebuilder.php","meta":{"_uag_custom_page_level_css":"","_joinchat":[],"footnotes":""},"class_list":["post-1591","page","type-page","status-publish","hentry"],"uagb_featured_image_src":{"full":false,"thumbnail":false,"medium":false,"medium_large":false,"large":false,"1536x1536":false,"2048x2048":false},"uagb_author_info":{"display_name":"nathanael","author_link":"https:\/\/prolinfo.com.br\/site\/author\/nathanael\/"},"uagb_comment_info":0,"uagb_excerpt":null,"_links":{"self":[{"href":"https:\/\/prolinfo.com.br\/site\/wp-json\/wp\/v2\/pages\/1591","targetHints":{"allow":["GET"]}}],"collection":[{"href":"https:\/\/prolinfo.com.br\/site\/wp-json\/wp\/v2\/pages"}],"about":[{"href":"https:\/\/prolinfo.com.br\/site\/wp-json\/wp\/v2\/types\/page"}],"author":[{"embeddable":true,"href":"https:\/\/prolinfo.com.br\/site\/wp-json\/wp\/v2\/users\/1"}],"replies":[{"embeddable":true,"href":"https:\/\/prolinfo.com.br\/site\/wp-json\/wp\/v2\/comments?post=1591"}],"version-history":[{"count":15,"href":"https:\/\/prolinfo.com.br\/site\/wp-json\/wp\/v2\/pages\/1591\/revisions"}],"predecessor-version":[{"id":27428,"href":"https:\/\/prolinfo.com.br\/site\/wp-json\/wp\/v2\/pages\/1591\/revisions\/27428"}],"up":[{"embeddable":true,"href":"https:\/\/prolinfo.com.br\/site\/wp-json\/wp\/v2\/pages\/1532"}],"wp:attachment":[{"href":"https:\/\/prolinfo.com.br\/site\/wp-json\/wp\/v2\/media?parent=1591"}],"curies":[{"name":"wp","href":"https:\/\/api.w.org\/{rel}","templated":true}]}}