{"id":1428,"date":"2023-01-08T03:06:29","date_gmt":"2023-01-08T03:06:29","guid":{"rendered":"https:\/\/prolinfo.com.br\/site\/?page_id=1428"},"modified":"2024-03-11T15:33:24","modified_gmt":"2024-03-11T15:33:24","slug":"prolinfinho-tech","status":"publish","type":"page","link":"https:\/\/prolinfo.com.br\/site\/cursos\/prolinfinho-tech\/","title":{"rendered":"Inform\u00e1tica para Crian\u00e7as"},"content":{"rendered":"\n<div class=\"blockart-section blockart-section-123ada02\"><div class=\"blockart-overlay\"><\/div><div class=\"blockart-container\"><div class=\"blockart-section-inner blockart-height-fit-to-screen\">\n<div class=\"blockart-column blockart-column-937362d8\"><div class=\"blockart-column-inner\">\n<h1 class=\"blockart-heading blockart-heading-038cc4fc\">Prolinfinho Tech<\/h1>\n\n\n\n<p class=\"blockart-paragraph blockart-paragraph-72bde366\">N\u00e3o seja NOOB, seja PROLINFINHO TECH!<\/p>\n<\/div><\/div>\n<\/div><\/div><\/div>\n\n\n\n<hr class=\"wp-block-separator has-alpha-channel-opacity\"\/>\n\n\n\t\t<div class=\"container service_style2 wlsbp-service-1426\">\r\n\t\t<div class=\"row\">\r\n\t\t\t\t<div class=\"wlsbp col-md-3 col-sm-6 sbp_grid\">\r\n\t\t\t<div class=\"ServiceShowcase wlsbp-style2-service-bg-color-1426\">\r\n\t\t\t\t\t\t\t\t<div class=\"wlsbp-style2-service-icon wlsbp-style2-service-icon-1426\"><i class=\"fas fa-book\"><\/i>\r\n\t\t\t\t<\/div>\r\n\t\t\t\t\t\t\t\t\t\t\t\t\t<h3 class=\"wlsbp-style2-service-title wlsbp-style2-service-title-1426\">Material Did\u00e1tico<\/h3>\r\n\t\t\t\t\t\t\t\t\t\t\t\t\t<p class=\"wlsbp-style2-service-desc wlsbp-style2-service-desc-1426\">Os materiais s\u00e3o disponibilizados gratuitamente para download.<\/p>\r\n\t\t\t\t\t\t\t\t\t\t\t<\/div>\r\n\t\t<\/div>\r\n\t\t\t\t\t\t<div class=\"wlsbp col-md-3 col-sm-6 sbp_grid\">\r\n\t\t\t<div class=\"ServiceShowcase wlsbp-style2-service-bg-color-1426\">\r\n\t\t\t\t\t\t\t\t<div class=\"wlsbp-style2-service-icon wlsbp-style2-service-icon-1426\"><i class=\"fas fa-chalkboard-teacher\"><\/i>\r\n\t\t\t\t<\/div>\r\n\t\t\t\t\t\t\t\t\t\t\t\t\t<h3 class=\"wlsbp-style2-service-title wlsbp-style2-service-title-1426\">Professores<\/h3>\r\n\t\t\t\t\t\t\t\t\t\t\t\t\t<p class=\"wlsbp-style2-service-desc wlsbp-style2-service-desc-1426\">A did\u00e1tica \u00e9 associada \u00e0 empatia para construir uma metodologia de ensino inovadora.<\/p>\r\n\t\t\t\t\t\t\t\t\t\t\t<\/div>\r\n\t\t<\/div>\r\n\t\t\t\t\t\t<div class=\"wlsbp col-md-3 col-sm-6 sbp_grid\">\r\n\t\t\t<div class=\"ServiceShowcase wlsbp-style2-service-bg-color-1426\">\r\n\t\t\t\t\t\t\t\t<div class=\"wlsbp-style2-service-icon wlsbp-style2-service-icon-1426\"><i class=\"fas fa-tag\"><\/i>\r\n\t\t\t\t<\/div>\r\n\t\t\t\t\t\t\t\t\t\t\t\t\t<h3 class=\"wlsbp-style2-service-title wlsbp-style2-service-title-1426\">Dados do Curso<\/h3>\r\n\t\t\t\t\t\t\t\t\t\t\t\t\t<p class=\"wlsbp-style2-service-desc wlsbp-style2-service-desc-1426\"><b>Dura\u00e7\u00e3o:<\/b> 1 ano<br>\r\n<b>Modalidade:<\/b> Presencial ou remoto<br>\r\n<b>Carga Hor\u00e1ria:<\/b> 90 horas<br>\r\n<b>N\u00edveis:<\/b> \u00danico<br><\/p>\r\n\t\t\t\t\t\t\t\t\t\t\t<\/div>\r\n\t\t<\/div>\r\n\t\t\t\t\t\t<div class=\"wlsbp col-md-3 col-sm-6 sbp_grid\">\r\n\t\t\t<div class=\"ServiceShowcase wlsbp-style2-service-bg-color-1426\">\r\n\t\t\t\t\t\t\t\t<div class=\"wlsbp-style2-service-icon wlsbp-style2-service-icon-1426\"><i class=\"fas fa-file-invoice-dollar\"><\/i>\r\n\t\t\t\t<\/div>\r\n\t\t\t\t\t\t\t\t\t\t\t\t\t<h3 class=\"wlsbp-style2-service-title wlsbp-style2-service-title-1426\">Investimento<\/h3>\r\n\t\t\t\t\t\t\t\t\t\t\t\t\t<p class=\"wlsbp-style2-service-desc wlsbp-style2-service-desc-1426\">R$430\/m\u00f3dulo<\/p>\r\n\t\t\t\t\t\t\t\t\t\t\t<\/div>\r\n\t\t<\/div>\r\n\t\t\t\t\t<\/div>\r\n<\/div>\t\t\n\n\n\n<div class=\"blockart-section blockart-section-6dbea2a6\"><div class=\"blockart-container\"><div class=\"blockart-section-inner\">\n<div class=\"blockart-column blockart-column-2a8f717d\"><div class=\"blockart-column-inner\">\n<div class=\"blockart-image blockart-image-9a15900d\"><img decoding=\"async\" class=\"wp-image-1431\" src=\"https:\/\/prolinfo.com.br\/site\/wp-content\/uploads\/2023\/01\/prolinfinhotech2-scaled.jpg\" alt=\"\" height=\"1707\" width=\"2560\" srcset=\"https:\/\/prolinfo.com.br\/site\/wp-content\/uploads\/2023\/01\/prolinfinhotech2-scaled.jpg 2560w, https:\/\/prolinfo.com.br\/site\/wp-content\/uploads\/2023\/01\/prolinfinhotech2-300x200.jpg 300w, https:\/\/prolinfo.com.br\/site\/wp-content\/uploads\/2023\/01\/prolinfinhotech2-1024x683.jpg 1024w, https:\/\/prolinfo.com.br\/site\/wp-content\/uploads\/2023\/01\/prolinfinhotech2-768x512.jpg 768w, https:\/\/prolinfo.com.br\/site\/wp-content\/uploads\/2023\/01\/prolinfinhotech2-1536x1024.jpg 1536w, https:\/\/prolinfo.com.br\/site\/wp-content\/uploads\/2023\/01\/prolinfinhotech2-2048x1366.jpg 2048w\" sizes=\"(max-width: 2560px) 100vw, 2560px\" \/><\/div>\n<\/div><\/div>\n\n\n\n<div class=\"blockart-column blockart-column-89717047\"><div class=\"blockart-column-inner\">\n<h2 class=\"blockart-heading blockart-heading-09c91258\">O CURSO<\/h2>\n\n\n\n<p class=\"blockart-paragraph blockart-paragraph-e85500df\">Curso destinado \u00e0s crian\u00e7as de 10 a 12 anos de idade, que possibilitar\u00e1 ao aluno fazer uso do computador nas suas mais adequadas formas, colaborando no seu processo de aprendizagem e acelerando o seu desenvolvimento intelectual. O aluno desenvolver\u00e1, ainda, maior coordena\u00e7\u00e3o motora, criatividade, mem\u00f3ria visual, sequ\u00eancia l\u00f3gica e conhecer\u00e1 o funcionamento de um computador, suas pe\u00e7as, ferramentas, bem como diversas fun\u00e7\u00f5es como copiar, colar, recortar, excluir, criar e organizar pastas de trabalho, al\u00e9m de aprender a elaborar diversos tipos de textos, apresenta\u00e7\u00f5es, planilhas de c\u00e1lculos, enviar e receber e-mail, e navegar de maneira \u201csaud\u00e1vel\u201d e adequada na internet<\/p>\n<\/div><\/div>\n<\/div><\/div><\/div>\n\n\n\n<div class=\"blockart-section blockart-section-fd5a551e\"><div class=\"blockart-container\"><div class=\"blockart-section-inner\">\n<div class=\"blockart-column blockart-column-6ec28baa\"><div class=\"blockart-column-inner\">\n<div class=\"wp-block-columns is-layout-flex wp-container-core-columns-is-layout-28f84493 wp-block-columns-is-layout-flex\">\n<div class=\"wp-block-column is-layout-flow wp-block-column-is-layout-flow\" style=\"flex-basis:10%\"><\/div>\n\n\n\n<div class=\"wp-block-column is-layout-flow wp-block-column-is-layout-flow\" style=\"flex-basis:80%\">\n<p class=\"has-text-align-center has-white-color has-text-color has-large-font-size\">EMENTA<\/p>\n\n\n\n<p class=\"has-text-align-center has-white-color has-text-color\">A metodologia aplicada pelo PROLINFINHO TECH ser\u00e1 baseada em jogos\/games e desafios diversos propostos e solucionados em colabora\u00e7\u00e3o\/coopera\u00e7\u00e3o entre as crian\u00e7as (sob orienta\u00e7\u00e3o do professor) que ser\u00e3o transportadas para um universo de aprendizagem l\u00fadica e divertida, assumindo o papel de protagonistas da constru\u00e7\u00e3o interativa do seu pr\u00f3prio conhecimento.<\/p>\n\n\n\n<div class=\"blockart-buttons blockart-buttons-e78cd08c is-justification-center is-horizontal is-wrap\">\n<div class=\"blockart-button blockart-button-b3956dab \"><a class=\"blockart-button-link is-large is-style-filled\" href=\"\/site\/wp-content\/uploads\/2023\/01\/Ementa-Prolinfinho-Tech-2.pdf\" target=\"_blank\" rel=\"noopener\">Baixar Ementa<\/a><\/div>\n<\/div>\n<\/div>\n\n\n\n<div class=\"wp-block-column is-layout-flow wp-block-column-is-layout-flow\" style=\"flex-basis:10%\"><\/div>\n<\/div>\n<\/div><\/div>\n<\/div><\/div><\/div>\n\n\n\n<div class=\"blockart-spacing blockart-spacing-001dba7d\"><div class=\"blockart-spacing-inner\"><\/div><\/div>\n\n\n\n<div class=\"blockart-section blockart-section-1eeb16fd\"><div class=\"blockart-container\"><div class=\"blockart-section-inner\">\n<div class=\"blockart-column blockart-column-6cfa3128\"><div class=\"blockart-column-inner\"><\/div><\/div>\n\n\n\n<div class=\"blockart-column blockart-column-6c927ab2\"><div class=\"blockart-column-inner\"><div ><style id=\"sp_tab_dynamic_style1427\">#sp-tabpro-wrapper_1427.sp-tab__lay-default .sp-tab__tab-content {width: 100%;}#sp-tabpro-wrapper_1427 .animated {-webkit-animation-duration: 500ms;animation-duration: 500ms;}#sp-wp-tabs-wrapper_1427 .sp-tab__nav { justify-content: flex-start; }#sp-wp-tabs-wrapper_1427.sp-tab__lay-default.sp-tab__horizontal-bottom {display: flex;flex-direction: column-reverse;}#sp-wp-tabs-wrapper_1427.sp-tab__lay-default.sp-tab__horizontal-bottom > ul {border-top: 1px solid #cccccc;border-bottom: 0;margin-top: 0;}#sp-wp-tabs-wrapper_1427.sp-tab__lay-default.sp-tab__horizontal-bottom > ul > li .sp-tab__nav-link.sp-tab__active {border-color: transparent #cccccc#cccccc;margin-top: -1px;}#sp-wp-tabs-wrapper_1427.sp-tab__lay-default.sp-tab__horizontal-bottom > ul > li .sp-tab__nav-link,#sp-wp-tabs-wrapper_1427.sp-tab__lay-default.sp-tab__horizontal-bottom > ul > li a,#sp-wp-tabs-wrapper_1427.sp-tab__lay-default.sp-tab__horizontal-bottom > ul > .sp-tab__nav-item {border-top: 0;border-top-left-radius: 0;border-top-right-radius: 0;border-bottom-left-radius: 2px;border-bottom-right-radius: 2px;}#sp-wp-tabs-wrapper_1427.sp-tab__lay-default.sp-tab__horizontal-bottom > ul {border-bottom: none;}#sp-wp-tabs-wrapper_1427.sp-tab__lay-default.sp-tab__horizontal-bottom .sp-tab__tab-content .sp-tab__tab-pane {border-top: 1px solid #cccccc;border-bottom: 0;}#sp-wp-tabs-wrapper_1427.sp-tab__lay-default .sp-tab__tab-content .sp-tab-content > ul,#sp-wp-tabs-wrapper_1427.sp-tab__lay-default .sp-tab__tab-content .sp-tab-content > ol {border-bottom: none;}#sp-wp-tabs-wrapper_1427 .sp-tab__nav-tabs .sp-tab__nav-item.show .sp-tab__nav-link,#sp-wp-tabs-wrapper_1427.sp-tab__lay-default ul li .sp-tab__nav-link.sp-tab__active {border-color: #cccccc#cccccc transparent;}#sp-wp-tabs-wrapper_1427 > .sp-tab__nav-tabs .sp-tab__nav-link.sp-tab__active .sp-tab__tab_title,#sp-wp-tabs-wrapper_1427.sp-tab__lay-default .sp-tab__nav-link > .sp-tab__card-header {color: #ffffff;}#sp-wp-tabs-wrapper_1427.sp-tab__lay-default > ul > li > .sp-tab__nav-link,#sp-wp-tabs-wrapper_1427.sp-tab__lay-default > ul > li > a {cursor: pointer;border-color: #cccccc;padding-top: 15px;padding-right: 15px;padding-bottom: 15px;padding-left: 15px;}#sp-wp-tabs-wrapper_1427 > .sp-tab__nav-tabs .sp-tab__nav-link {border: 1px solid #cccccc;height: 100%;}#sp-wp-tabs-wrapper_1427.sp-tab__lay-default > ul > li .sp-tab__nav-link,#sp-wp-tabs-wrapper_1427.sp-tab__lay-default > ul > li a,#sp-wp-tabs-wrapper_1427.sp-tab__lay-default > ul > .sp-tab__nav-item {border-top-left-radius: 2px;border-top-right-radius: 2px;}#sp-wp-tabs-wrapper_1427 .sp-tab__nav-tabs .sp-tab__nav-item {margin-bottom: -1px; }#sp-wp-tabs-wrapper_1427.sp-tab__lay-default > ul .sp-tab__nav-item {margin-right: 10px;}#sp-wp-tabs-wrapper_1427.sp-tab__lay-default.sp-tab__horizontal-bottom > ul .sp-tab__nav-item {margin-right: 10px;margin-top: 0;}#sp-wp-tabs-wrapper_1427.sp-tab__lay-default > ul .sp-tab__nav-item .sp-tab__nav-link:hover .sp-tab__tab_title,#sp-wp-tabs-wrapper_1427.sp-tab__lay-default > ul .sp-tab__nav-item a:hover .sp-tab__tab_title,#sp-wp-tabs-wrapper_1427.sp-tab__lay-default .sp-tab__nav-link.collapsed .sp-tab__card-header:hover {color: #a3a3a3;transition: .3s;}#sp-wp-tabs-wrapper_1427.sp-tab__lay-default > ul .sp-tab__nav-item,#sp-wp-tabs-wrapper_1427.sp-tab__lay-default .sp-tab__nav-link.collapsed > .sp-tab__card-header {background-color: #073674;transition: 0.3s;}#sp-wp-tabs-wrapper_1427 > .sp-tab__nav-tabs > .sp-tab__nav-item.show .sp-tab__nav-link,#sp-wp-tabs-wrapper_1427 > .sp-tab__nav-tabs > .sp-tab__nav-item .sp-tab__nav-link.sp-tab__active,#sp-wp-tabs-wrapper_1427.sp-tab__lay-default .sp-tab__nav-link > .sp-tab__card-header {background-color: #c12631;}#sp-tabs-wrapper_1427.sp-tab__lay-default > ul .sp-tab__nav-item .sp-tab__nav-link:not(.sp-tab__active):hover,#sp-tabs-wrapper_1427.sp-tab__lay-default .sp-tab__tab-content > .sp-tab__tab-pane .sp-tab__card-header:hover {background-color: #073674;}#sp-wp-tabs-wrapper_1427.sp-tab__lay-default > ul .sp-tab__nav-item:not(.sp-tab__active):hover,#sp-wp-tabs-wrapper_1427.sp-tab__lay-default .sp-tab__nav-link.collapsed > .sp-tab__card-header:hover {background-color: #073674;}#sp-wp-tabs-wrapper_1427.sp-tab__lay-default > ul .sp-tab__nav-item:last-child {margin-right: 0;}#sp-wp-tabs-wrapper_1427.sp-tab__lay-default > .sp-tab__tab-content .sp-tab__tab-pane {border: 1px solid #cccccc;padding-top: 20px;padding-right: 20px;padding-bottom: 20px;padding-left: 20px;background-color: #ffffff;}#sp-wp-tabs-wrapper_1427.sp-tab__lay-default > ul {border-bottom: 1px solid #cccccc;}#sp-wp-tabs-wrapper_1427.sp-tab__lay-default > .sp-tab__tab-content .sp-tab__tab-pane {border-top: 0px;}@media(max-width:480px) {#sp-wp-tabs-wrapper_1427.sp-tab__lay-default > ul li.sp-tab__nav-item {width: 100%;margin-right: 0px;}#sp-wp-tabs-wrapper_1427.sp-tab__lay-default > ul li.sp-tab__nav-item:last-child {margin-bottom: -1px;}}#sp-wp-tabs-wrapper_1427.sp-tab__lay-default > ul .sp-tab__nav-item .sp-tab__tab_title,#sp-wp-tabs-wrapper_1427.sp-tab__lay-default span > .sp-tab__card-header {font-weight: 600;font-style: normal;font-size: 16px;line-height: 22px;letter-spacing: 0px;color: #ffffff;margin: 0px;}#sp-wp-tabs-wrapper_1427.sp-tab__lay-default > .sp-tab__tab-content .sp-tab__tab-pane,#sp-wp-tabs-wrapper_1427.sp-tab__lay-default > .sp-tab__tab-content .sp-tab__tab-pane p {font-weight: 400;font-style: normal;font-size: 16px;line-height: 24px;letter-spacing: 0px;color: #444;}#sp-wp-tabs-wrapper_1427.sp-tab__lay-default > .sp-tab__tab-content .sp-tab__tab-pane ul li a, #sp-wp-tabs-wrapper_1427.sp-tab__lay-default .sp-tab__tab-content .sp-tab__tab-pane ol li a {color: #444;}<\/style>\t\t<div id=\"sp-wp-tabs-wrapper_1427\" class=\"sp-tab__lay-default\" data-preloader=\"1\" data-activemode=\"tabs-activator-event-click\" data-anchor_linking=\"1\">\n\t\t\t<div class=\"sp-tab__preloader\">\n\t\t<div class=\"sp-tab__spinner\">\n\t\t\t<div class=\"rect1\"><\/div>\n\t\t\t<div class=\"rect2\"><\/div>\n\t\t\t<div class=\"rect3\"><\/div>\n\t\t\t<div class=\"rect4\"><\/div>\n\t\t\t<div class=\"rect5\"><\/div>\n\t\t<\/div>\n\t<\/div>\n\t<ul class=\"sp-tab__nav sp-tab__nav-tabs\" id=\"sp-tab__ul\" role=\"tablist\">\n\t\t\t\t<li class=\"sp-tab__nav-item\" role=\"presentation\">\n\t\t\t\t<span class=\"sp-tab__nav-link sp-tab__active\" data-sptoggle=\"tab\" for=\"#tab-14271\" role=\"tab\" aria-controls=tab-14271 aria-selected=true tabindex=0>\n\t\t\t\t\t<span class=\"tab_title_area\"><H4 class=\"sp-tab__tab_title\">Polos Presenciais<\/H4><\/span>\n\t\t\t\t<\/span>\n\t\t\t<\/li>\n\t\t\t<\/ul>\n<div class=\"sp-tab__tab-content\">\n\t\t\t\t<div id=\"tab-14271\" class=\"sp-tab__tab-pane sp-tab__show sp-tab__active\" role=\"tabpanel\">\n\t\t\t\t\t<div class=\"sp-tab-content animated fadeIn\"><ul>\n<li><a href=\"https:\/\/prolinfo.com.br\/site\/informacoes-dos-polos\/#campus-recife\">Recife (Sede do Prolinfo)<\/a><\/li>\n<\/ul>\n<\/div>\n\t\t\t\t<\/div>\n\t\t\t\t<\/div>\n\t\t<\/div>\n\t\t<\/div><\/div><\/div>\n\n\n\n<div class=\"blockart-column blockart-column-6ad02df1\"><div class=\"blockart-column-inner\"><\/div><\/div>\n<\/div><\/div><\/div>\n","protected":false},"excerpt":{"rendered":"","protected":false},"author":4,"featured_media":0,"parent":920,"menu_order":0,"comment_status":"closed","ping_status":"closed","template":"","meta":{"_uag_custom_page_level_css":"","_joinchat":[],"footnotes":""},"class_list":["post-1428","page","type-page","status-publish","hentry"],"uagb_featured_image_src":{"full":false,"thumbnail":false,"medium":false,"medium_large":false,"large":false,"1536x1536":false,"2048x2048":false},"uagb_author_info":{"display_name":"Victor","author_link":"https:\/\/prolinfo.com.br\/site\/author\/victor\/"},"uagb_comment_info":0,"uagb_excerpt":null,"_links":{"self":[{"href":"https:\/\/prolinfo.com.br\/site\/wp-json\/wp\/v2\/pages\/1428","targetHints":{"allow":["GET"]}}],"collection":[{"href":"https:\/\/prolinfo.com.br\/site\/wp-json\/wp\/v2\/pages"}],"about":[{"href":"https:\/\/prolinfo.com.br\/site\/wp-json\/wp\/v2\/types\/page"}],"author":[{"embeddable":true,"href":"https:\/\/prolinfo.com.br\/site\/wp-json\/wp\/v2\/users\/4"}],"replies":[{"embeddable":true,"href":"https:\/\/prolinfo.com.br\/site\/wp-json\/wp\/v2\/comments?post=1428"}],"version-history":[{"count":7,"href":"https:\/\/prolinfo.com.br\/site\/wp-json\/wp\/v2\/pages\/1428\/revisions"}],"predecessor-version":[{"id":28131,"href":"https:\/\/prolinfo.com.br\/site\/wp-json\/wp\/v2\/pages\/1428\/revisions\/28131"}],"up":[{"embeddable":true,"href":"https:\/\/prolinfo.com.br\/site\/wp-json\/wp\/v2\/pages\/920"}],"wp:attachment":[{"href":"https:\/\/prolinfo.com.br\/site\/wp-json\/wp\/v2\/media?parent=1428"}],"curies":[{"name":"wp","href":"https:\/\/api.w.org\/{rel}","templated":true}]}}