{"id":1006,"date":"2023-01-04T01:02:37","date_gmt":"2023-01-04T01:02:37","guid":{"rendered":"https:\/\/prolinfo.com.br\/site\/?page_id=1006"},"modified":"2024-03-11T15:35:03","modified_gmt":"2024-03-11T15:35:03","slug":"prolinfinho-ingles","status":"publish","type":"page","link":"https:\/\/prolinfo.com.br\/site\/cursos\/prolinfinho-ingles\/","title":{"rendered":"Ingl\u00eas para Crian\u00e7as"},"content":{"rendered":"\n<div class=\"blockart-section blockart-section-fd4de03e\"><div class=\"blockart-overlay\"><\/div><div class=\"blockart-container-fluid\"><div class=\"blockart-section-inner blockart-height-fit-to-screen\">\n<div class=\"blockart-column blockart-column-9d742c97\"><div class=\"blockart-column-inner\">\n<h1 class=\"blockart-heading blockart-heading-78891f4f\">Ingl\u00eas | Prolinfinho<\/h1>\n\n\n\n<p class=\"blockart-paragraph blockart-paragraph-18def0c9\">Preparando um futuro em conex\u00e3o com o mundo.<\/p>\n<\/div><\/div>\n<\/div><\/div><\/div>\n\n\n\n<hr class=\"wp-block-separator has-alpha-channel-opacity\"\/>\n\n\n\t\t<div class=\"container service_style2 wlsbp-service-1207\">\r\n\t\t<div class=\"row\">\r\n\t\t\t\t<div class=\"wlsbp col-md-3 col-sm-6 sbp_grid\">\r\n\t\t\t<div class=\"ServiceShowcase wlsbp-style2-service-bg-color-1207\">\r\n\t\t\t\t\t\t\t\t<div class=\"wlsbp-style2-service-icon wlsbp-style2-service-icon-1207\"><i class=\"fas fa-book\"><\/i>\r\n\t\t\t\t<\/div>\r\n\t\t\t\t\t\t\t\t\t\t\t\t\t<h3 class=\"wlsbp-style2-service-title wlsbp-style2-service-title-1207\">Material Did\u00e1tico<\/h3>\r\n\t\t\t\t\t\t\t\t\t\t\t\t\t<p class=\"wlsbp-style2-service-desc wlsbp-style2-service-desc-1207\">Os materiais s\u00e3o disponibilizados gratuitamente para download no Portal do Aluno.<\/p>\r\n\t\t\t\t\t\t\t\t\t\t\t<\/div>\r\n\t\t<\/div>\r\n\t\t\t\t\t\t<div class=\"wlsbp col-md-3 col-sm-6 sbp_grid\">\r\n\t\t\t<div class=\"ServiceShowcase wlsbp-style2-service-bg-color-1207\">\r\n\t\t\t\t\t\t\t\t<div class=\"wlsbp-style2-service-icon wlsbp-style2-service-icon-1207\"><i class=\"fas fa-chalkboard-teacher\"><\/i>\r\n\t\t\t\t<\/div>\r\n\t\t\t\t\t\t\t\t\t\t\t\t\t<h3 class=\"wlsbp-style2-service-title wlsbp-style2-service-title-1207\">Professores<\/h3>\r\n\t\t\t\t\t\t\t\t\t\t\t\t\t<p class=\"wlsbp-style2-service-desc wlsbp-style2-service-desc-1207\">A did\u00e1tica \u00e9 associada \u00e0 empatia para construir uma metodologia de ensino inovadora.<\/p>\r\n\t\t\t\t\t\t\t\t\t\t\t<\/div>\r\n\t\t<\/div>\r\n\t\t\t\t\t\t<div class=\"wlsbp col-md-3 col-sm-6 sbp_grid\">\r\n\t\t\t<div class=\"ServiceShowcase wlsbp-style2-service-bg-color-1207\">\r\n\t\t\t\t\t\t\t\t<div class=\"wlsbp-style2-service-icon wlsbp-style2-service-icon-1207\"><i class=\"fas fa-tag\"><\/i>\r\n\t\t\t\t<\/div>\r\n\t\t\t\t\t\t\t\t\t\t\t\t\t<h3 class=\"wlsbp-style2-service-title wlsbp-style2-service-title-1207\">Dados do Curso<\/h3>\r\n\t\t\t\t\t\t\t\t\t\t\t\t\t<p class=\"wlsbp-style2-service-desc wlsbp-style2-service-desc-1207\"><b>Formato:<\/b> Regular (3 Anos)<br>\r\n<b>Modalidade:<\/b> Presencial ou remoto<br>\r\n<b>Carga Hor\u00e1ria:<\/b> 240 horas<br>\r\n<b>M\u00f3dulos:<\/b> 6<br>\r\n<b>Classifica\u00e7\u00e3o I:<\/b> crian\u00e7as de 07 a 09 ano<br>\r\n<b>Classifica\u00e7\u00e3o II:<\/b> crian\u00e7as de 10 a 12 anos<\/p>\r\n\t\t\t\t\t\t\t\t\t\t\t<\/div>\r\n\t\t<\/div>\r\n\t\t\t\t\t\t<div class=\"wlsbp col-md-3 col-sm-6 sbp_grid\">\r\n\t\t\t<div class=\"ServiceShowcase wlsbp-style2-service-bg-color-1207\">\r\n\t\t\t\t\t\t\t\t<div class=\"wlsbp-style2-service-icon wlsbp-style2-service-icon-1207\"><i class=\"fas fa-file-invoice-dollar\"><\/i>\r\n\t\t\t\t<\/div>\r\n\t\t\t\t\t\t\t\t\t\t\t\t\t<h3 class=\"wlsbp-style2-service-title wlsbp-style2-service-title-1207\">Investimento<\/h3>\r\n\t\t\t\t\t\t\t\t\t\t\t\t\t<p class=\"wlsbp-style2-service-desc wlsbp-style2-service-desc-1207\">R$430\/m\u00f3dulo<\/p>\r\n\t\t\t\t\t\t\t\t\t\t\t<\/div>\r\n\t\t<\/div>\r\n\t\t\t\t\t<\/div>\r\n<\/div>\t\t\n\n\n\n<div class=\"blockart-section blockart-section-6dbea2a6\"><div class=\"blockart-container\"><div class=\"blockart-section-inner\">\n<div class=\"blockart-column blockart-column-2a8f717d\"><div class=\"blockart-column-inner\">\n<div class=\"blockart-image blockart-image-9a15900d\"><img decoding=\"async\" class=\"wp-image-27626\" src=\"https:\/\/prolinfo.com.br\/site\/wp-content\/uploads\/2023\/02\/logo.prolinfinh_page-0001-scaled.jpg\" alt=\"\" height=\"1440\" width=\"2560\" srcset=\"https:\/\/prolinfo.com.br\/site\/wp-content\/uploads\/2023\/02\/logo.prolinfinh_page-0001-scaled.jpg 2560w, https:\/\/prolinfo.com.br\/site\/wp-content\/uploads\/2023\/02\/logo.prolinfinh_page-0001-300x169.jpg 300w, https:\/\/prolinfo.com.br\/site\/wp-content\/uploads\/2023\/02\/logo.prolinfinh_page-0001-1024x576.jpg 1024w, https:\/\/prolinfo.com.br\/site\/wp-content\/uploads\/2023\/02\/logo.prolinfinh_page-0001-768x432.jpg 768w, https:\/\/prolinfo.com.br\/site\/wp-content\/uploads\/2023\/02\/logo.prolinfinh_page-0001-1536x864.jpg 1536w, https:\/\/prolinfo.com.br\/site\/wp-content\/uploads\/2023\/02\/logo.prolinfinh_page-0001-2048x1152.jpg 2048w\" sizes=\"(max-width: 2560px) 100vw, 2560px\" \/><\/div>\n<\/div><\/div>\n\n\n\n<div class=\"blockart-column blockart-column-89717047\"><div class=\"blockart-column-inner\">\n<h2 class=\"blockart-heading blockart-heading-09c91258\">O CURSO<\/h2>\n\n\n\n<p class=\"blockart-paragraph blockart-paragraph-e85500df\">Os cursos do PROLINFINHO t\u00eam dura\u00e7\u00e3o de 3 anos, com op\u00e7\u00f5es de turmas nos turnos da manh\u00e3 ou tarde (aulas uma vez por semana, com 2h30 por aula). As aulas acontecem na Modalidade Remota ou Presencial (Recife, Camaragibe, Caruaru, Garanhuns, Nazar\u00e9 da Mata, Palmares e Petrolina).<\/p>\n<\/div><\/div>\n<\/div><\/div><\/div>\n\n\n\n<div class=\"blockart-section blockart-section-fd5a551e\"><div class=\"blockart-container\"><div class=\"blockart-section-inner\">\n<div class=\"blockart-column blockart-column-6ec28baa\"><div class=\"blockart-column-inner\">\n<div class=\"blockart-section blockart-section-ff63272a\"><div class=\"blockart-container\"><div class=\"blockart-section-inner\">\n<div class=\"blockart-column blockart-column-8a6ed6cc\"><div class=\"blockart-column-inner\"><\/div><\/div>\n\n\n\n<div class=\"blockart-column blockart-column-71670c7a\"><div class=\"blockart-column-inner\">\n<div class=\"blockart-section blockart-section-59779de4\"><div class=\"blockart-container\"><div class=\"blockart-section-inner\">\n<div class=\"blockart-column blockart-column-0975b4e9\"><div class=\"blockart-column-inner\">\n<p class=\"blockart-paragraph blockart-paragraph-04c1c114\">1<\/p>\n\n\n\n<h2 class=\"blockart-heading blockart-heading-b6e800d4\">CLASSIFICA\u00c7\u00c3O I | 07 a 09 anos<\/h2>\n\n\n\n<p class=\"blockart-paragraph blockart-paragraph-9e9debe2\">1\u00ba semestre: 1A<br>2\u00ba semestre: 1B<br>3\u00ba semestre: 2A<br>4\u00ba semestre: 2B<br>5\u00ba semestre: 3A<br>6\u00ba semestre: 3B<\/p>\n\n\n\n<div class=\"blockart-buttons blockart-buttons-f8bd7360 is-justification-center is-horizontal is-wrap\">\n<div class=\"blockart-button blockart-button-af752a80 \"><a class=\"blockart-button-link is-large is-style-filled\" href=\"\/site\/wp-content\/uploads\/2023\/01\/EMENTA-PROLINFINHO-7-a-9-anos.pdf\" target=\"_blank\" rel=\"noopener\">Baixar Ementa<\/a><\/div>\n<\/div>\n<\/div><\/div>\n\n\n\n<div class=\"blockart-column blockart-column-ed37d43b\"><div class=\"blockart-column-inner\">\n<p class=\"blockart-paragraph blockart-paragraph-df6387a0\">2<\/p>\n\n\n\n<h2 class=\"blockart-heading blockart-heading-f02d9982\">CLASSIFICA\u00c7\u00c3O II | 10 a 12 anos<\/h2>\n\n\n\n<p class=\"blockart-paragraph blockart-paragraph-6746ce36\">1\u00ba semestre: 1A<br>2\u00ba semestre: 1B<br>3\u00ba semestre: 2A<br>4\u00ba semestre: 2B<br>5\u00ba semestre: 3A<br>6\u00ba semestre: 3B<\/p>\n\n\n\n<div class=\"blockart-buttons blockart-buttons-980f8060 is-justification-center is-horizontal is-wrap\">\n<div class=\"blockart-button blockart-button-cdd270ab \"><a class=\"blockart-button-link is-large is-style-filled\" href=\"\/site\/wp-content\/uploads\/2023\/01\/EMENTA-PROLINFINHO-10-a-12-anos.pdf\" target=\"_blank\" rel=\"noopener\">Baixar Ementa<\/a><\/div>\n<\/div>\n<\/div><\/div>\n<\/div><\/div><\/div>\n<\/div><\/div>\n\n\n\n<div class=\"blockart-column blockart-column-094b96da\"><div class=\"blockart-column-inner\"><\/div><\/div>\n<\/div><\/div><\/div>\n\n\n\n<div class=\"blockart-spacing blockart-spacing-dddef648\"><div class=\"blockart-spacing-inner\"><\/div><\/div>\n\n\n\n<hr class=\"wp-block-separator has-alpha-channel-opacity is-style-wide\"\/>\n\n\n\n<div class=\"wp-block-columns is-layout-flex wp-container-core-columns-is-layout-28f84493 wp-block-columns-is-layout-flex\">\n<div class=\"wp-block-column is-layout-flow wp-block-column-is-layout-flow\" style=\"flex-basis:10%\"><\/div>\n\n\n\n<div class=\"wp-block-column is-layout-flow wp-block-column-is-layout-flow\" style=\"flex-basis:80%\">\n<p class=\"has-white-color has-text-color\">Os alunos matriculados no PROLINFINHO dever\u00e3o ser representados pelos pais ou respons\u00e1vel legal, preenchendo o Formul\u00e1rio de Matr\u00edcula e o Termo de Compromisso constantes nos Anexos I e II do Edital de Matr\u00edcula, leg\u00edveis e assinados, e dever\u00e3o ser entregues \u00e0 secretaria do PROLINFO ou encaminhados para o e-mail&nbsp;<a href=\"mailto:prolinfinho@prolinfo.com.br\">prolinfinho@prolinfo.com.br<\/a>&nbsp;ap\u00f3s confirma\u00e7\u00e3o do pagamento da taxa de matr\u00edcula e antes do in\u00edcio das aulas.<\/p>\n<\/div>\n\n\n\n<div class=\"wp-block-column is-layout-flow wp-block-column-is-layout-flow\" style=\"flex-basis:10%\"><\/div>\n<\/div>\n<\/div><\/div>\n<\/div><\/div><\/div>\n\n\n\n<div class=\"blockart-spacing blockart-spacing-001dba7d\"><div class=\"blockart-spacing-inner\"><\/div><\/div>\n\n\n\n<div class=\"blockart-section blockart-section-1eeb16fd\"><div class=\"blockart-container\"><div class=\"blockart-section-inner\">\n<div class=\"blockart-column blockart-column-6cfa3128\"><div class=\"blockart-column-inner\"><\/div><\/div>\n\n\n\n<div class=\"blockart-column blockart-column-6c927ab2\"><div class=\"blockart-column-inner\"><div ><style id=\"sp_tab_dynamic_style1168\">#sp-tabpro-wrapper_1168.sp-tab__lay-default .sp-tab__tab-content {width: 100%;}#sp-tabpro-wrapper_1168 .animated {-webkit-animation-duration: 500ms;animation-duration: 500ms;}#sp-wp-tabs-wrapper_1168 .sp-tab__nav { justify-content: flex-start; }#sp-wp-tabs-wrapper_1168.sp-tab__lay-default.sp-tab__horizontal-bottom {display: flex;flex-direction: column-reverse;}#sp-wp-tabs-wrapper_1168.sp-tab__lay-default.sp-tab__horizontal-bottom > ul {border-top: 1px solid #cccccc;border-bottom: 0;margin-top: 0;}#sp-wp-tabs-wrapper_1168.sp-tab__lay-default.sp-tab__horizontal-bottom > ul > li .sp-tab__nav-link.sp-tab__active {border-color: transparent #cccccc#cccccc;margin-top: -1px;}#sp-wp-tabs-wrapper_1168.sp-tab__lay-default.sp-tab__horizontal-bottom > ul > li .sp-tab__nav-link,#sp-wp-tabs-wrapper_1168.sp-tab__lay-default.sp-tab__horizontal-bottom > ul > li a,#sp-wp-tabs-wrapper_1168.sp-tab__lay-default.sp-tab__horizontal-bottom > ul > .sp-tab__nav-item {border-top: 0;border-top-left-radius: 0;border-top-right-radius: 0;border-bottom-left-radius: 2px;border-bottom-right-radius: 2px;}#sp-wp-tabs-wrapper_1168.sp-tab__lay-default.sp-tab__horizontal-bottom > ul {border-bottom: none;}#sp-wp-tabs-wrapper_1168.sp-tab__lay-default.sp-tab__horizontal-bottom .sp-tab__tab-content .sp-tab__tab-pane {border-top: 1px solid #cccccc;border-bottom: 0;}#sp-wp-tabs-wrapper_1168.sp-tab__lay-default .sp-tab__tab-content .sp-tab-content > ul,#sp-wp-tabs-wrapper_1168.sp-tab__lay-default .sp-tab__tab-content .sp-tab-content > ol {border-bottom: none;}#sp-wp-tabs-wrapper_1168 .sp-tab__nav-tabs .sp-tab__nav-item.show .sp-tab__nav-link,#sp-wp-tabs-wrapper_1168.sp-tab__lay-default ul li .sp-tab__nav-link.sp-tab__active {border-color: #cccccc#cccccc transparent;}#sp-wp-tabs-wrapper_1168 > .sp-tab__nav-tabs .sp-tab__nav-link.sp-tab__active .sp-tab__tab_title,#sp-wp-tabs-wrapper_1168.sp-tab__lay-default .sp-tab__nav-link > .sp-tab__card-header {color: #ffffff;}#sp-wp-tabs-wrapper_1168.sp-tab__lay-default > ul > li > .sp-tab__nav-link,#sp-wp-tabs-wrapper_1168.sp-tab__lay-default > ul > li > a {cursor: pointer;border-color: #cccccc;padding-top: 15px;padding-right: 15px;padding-bottom: 15px;padding-left: 15px;}#sp-wp-tabs-wrapper_1168 > .sp-tab__nav-tabs .sp-tab__nav-link {border: 1px solid #cccccc;height: 100%;}#sp-wp-tabs-wrapper_1168.sp-tab__lay-default > ul > li .sp-tab__nav-link,#sp-wp-tabs-wrapper_1168.sp-tab__lay-default > ul > li a,#sp-wp-tabs-wrapper_1168.sp-tab__lay-default > ul > .sp-tab__nav-item {border-top-left-radius: 2px;border-top-right-radius: 2px;}#sp-wp-tabs-wrapper_1168 .sp-tab__nav-tabs .sp-tab__nav-item {margin-bottom: -1px; }#sp-wp-tabs-wrapper_1168.sp-tab__lay-default > ul .sp-tab__nav-item {margin-right: 10px;}#sp-wp-tabs-wrapper_1168.sp-tab__lay-default.sp-tab__horizontal-bottom > ul .sp-tab__nav-item {margin-right: 10px;margin-top: 0;}#sp-wp-tabs-wrapper_1168.sp-tab__lay-default > ul .sp-tab__nav-item .sp-tab__nav-link:hover .sp-tab__tab_title,#sp-wp-tabs-wrapper_1168.sp-tab__lay-default > ul .sp-tab__nav-item a:hover .sp-tab__tab_title,#sp-wp-tabs-wrapper_1168.sp-tab__lay-default .sp-tab__nav-link.collapsed .sp-tab__card-header:hover {color: #a3a3a3;transition: .3s;}#sp-wp-tabs-wrapper_1168.sp-tab__lay-default > ul .sp-tab__nav-item,#sp-wp-tabs-wrapper_1168.sp-tab__lay-default .sp-tab__nav-link.collapsed > .sp-tab__card-header {background-color: #073674;transition: 0.3s;}#sp-wp-tabs-wrapper_1168 > .sp-tab__nav-tabs > .sp-tab__nav-item.show .sp-tab__nav-link,#sp-wp-tabs-wrapper_1168 > .sp-tab__nav-tabs > .sp-tab__nav-item .sp-tab__nav-link.sp-tab__active,#sp-wp-tabs-wrapper_1168.sp-tab__lay-default .sp-tab__nav-link > .sp-tab__card-header {background-color: #c12631;}#sp-tabs-wrapper_1168.sp-tab__lay-default > ul .sp-tab__nav-item .sp-tab__nav-link:not(.sp-tab__active):hover,#sp-tabs-wrapper_1168.sp-tab__lay-default .sp-tab__tab-content > .sp-tab__tab-pane .sp-tab__card-header:hover {background-color: #073674;}#sp-wp-tabs-wrapper_1168.sp-tab__lay-default > ul .sp-tab__nav-item:not(.sp-tab__active):hover,#sp-wp-tabs-wrapper_1168.sp-tab__lay-default .sp-tab__nav-link.collapsed > .sp-tab__card-header:hover {background-color: #073674;}#sp-wp-tabs-wrapper_1168.sp-tab__lay-default > ul .sp-tab__nav-item:last-child {margin-right: 0;}#sp-wp-tabs-wrapper_1168.sp-tab__lay-default > .sp-tab__tab-content .sp-tab__tab-pane {border: 1px solid #cccccc;padding-top: 20px;padding-right: 20px;padding-bottom: 20px;padding-left: 20px;background-color: #ffffff;}#sp-wp-tabs-wrapper_1168.sp-tab__lay-default > ul {border-bottom: 1px solid #cccccc;}#sp-wp-tabs-wrapper_1168.sp-tab__lay-default > .sp-tab__tab-content .sp-tab__tab-pane {border-top: 0px;}@media(max-width:480px) {#sp-wp-tabs-wrapper_1168.sp-tab__lay-default > ul li.sp-tab__nav-item {width: 100%;margin-right: 0px;}#sp-wp-tabs-wrapper_1168.sp-tab__lay-default > ul li.sp-tab__nav-item:last-child {margin-bottom: -1px;}}#sp-wp-tabs-wrapper_1168.sp-tab__lay-default > ul .sp-tab__nav-item .sp-tab__tab_title,#sp-wp-tabs-wrapper_1168.sp-tab__lay-default span > .sp-tab__card-header {font-weight: 600;font-style: normal;font-size: 16px;line-height: 22px;letter-spacing: 0px;color: #ffffff;margin: 0px;}#sp-wp-tabs-wrapper_1168.sp-tab__lay-default > .sp-tab__tab-content .sp-tab__tab-pane,#sp-wp-tabs-wrapper_1168.sp-tab__lay-default > .sp-tab__tab-content .sp-tab__tab-pane p {font-weight: 400;font-style: normal;font-size: 16px;line-height: 24px;letter-spacing: 0px;color: #444;}#sp-wp-tabs-wrapper_1168.sp-tab__lay-default > .sp-tab__tab-content .sp-tab__tab-pane ul li a, #sp-wp-tabs-wrapper_1168.sp-tab__lay-default .sp-tab__tab-content .sp-tab__tab-pane ol li a {color: #444;}<\/style>\t\t<div id=\"sp-wp-tabs-wrapper_1168\" class=\"sp-tab__lay-default\" data-preloader=\"1\" data-activemode=\"tabs-activator-event-click\" data-anchor_linking=\"1\">\n\t\t\t<div class=\"sp-tab__preloader\">\n\t\t<div class=\"sp-tab__spinner\">\n\t\t\t<div class=\"rect1\"><\/div>\n\t\t\t<div class=\"rect2\"><\/div>\n\t\t\t<div class=\"rect3\"><\/div>\n\t\t\t<div class=\"rect4\"><\/div>\n\t\t\t<div class=\"rect5\"><\/div>\n\t\t<\/div>\n\t<\/div>\n\t<ul class=\"sp-tab__nav sp-tab__nav-tabs\" id=\"sp-tab__ul\" role=\"tablist\">\n\t\t\t\t<li class=\"sp-tab__nav-item\" role=\"presentation\">\n\t\t\t\t<span class=\"sp-tab__nav-link sp-tab__active\" data-sptoggle=\"tab\" for=\"#tab-11681\" role=\"tab\" aria-controls=tab-11681 aria-selected=true tabindex=0>\n\t\t\t\t\t<span class=\"tab_title_area\"><H4 class=\"sp-tab__tab_title\">Seu filho ainda n\u00e3o possui CPF?<\/H4><\/span>\n\t\t\t\t<\/span>\n\t\t\t<\/li>\n\t\t\t\t\t\t<li class=\"sp-tab__nav-item\" role=\"presentation\">\n\t\t\t\t<span class=\"sp-tab__nav-link\" data-sptoggle=\"tab\" for=\"#tab-11682\" role=\"tab\" aria-controls=tab-11682 aria-selected=true tabindex=0>\n\t\t\t\t\t<span class=\"tab_title_area\"><H4 class=\"sp-tab__tab_title\">M\u00e9todo Avaliativo<\/H4><\/span>\n\t\t\t\t<\/span>\n\t\t\t<\/li>\n\t\t\t\t\t\t<li class=\"sp-tab__nav-item\" role=\"presentation\">\n\t\t\t\t<span class=\"sp-tab__nav-link\" data-sptoggle=\"tab\" for=\"#tab-11683\" role=\"tab\" aria-controls=tab-11683 aria-selected=true tabindex=0>\n\t\t\t\t\t<span class=\"tab_title_area\"><H4 class=\"sp-tab__tab_title\">M\u00e9dia para Aprova\u00e7\u00e3o<\/H4><\/span>\n\t\t\t\t<\/span>\n\t\t\t<\/li>\n\t\t\t\t\t\t<li class=\"sp-tab__nav-item\" role=\"presentation\">\n\t\t\t\t<span class=\"sp-tab__nav-link\" data-sptoggle=\"tab\" for=\"#tab-11684\" role=\"tab\" aria-controls=tab-11684 aria-selected=true tabindex=0>\n\t\t\t\t\t<span class=\"tab_title_area\"><H4 class=\"sp-tab__tab_title\">Frequ\u00eancia \u00e0s Aulas<\/H4><\/span>\n\t\t\t\t<\/span>\n\t\t\t<\/li>\n\t\t\t\t\t\t<li class=\"sp-tab__nav-item\" role=\"presentation\">\n\t\t\t\t<span class=\"sp-tab__nav-link\" data-sptoggle=\"tab\" for=\"#tab-11685\" role=\"tab\" aria-controls=tab-11685 aria-selected=true tabindex=0>\n\t\t\t\t\t<span class=\"tab_title_area\"><H4 class=\"sp-tab__tab_title\">Polos Presenciais<\/H4><\/span>\n\t\t\t\t<\/span>\n\t\t\t<\/li>\n\t\t\t\t\t\t<li class=\"sp-tab__nav-item\" role=\"presentation\">\n\t\t\t\t<span class=\"sp-tab__nav-link\" data-sptoggle=\"tab\" for=\"#tab-11686\" role=\"tab\" aria-controls=tab-11686 aria-selected=true tabindex=0>\n\t\t\t\t\t<span class=\"tab_title_area\"><H4 class=\"sp-tab__tab_title\">Aulas Remotas<\/H4><\/span>\n\t\t\t\t<\/span>\n\t\t\t<\/li>\n\t\t\t<\/ul>\n<div class=\"sp-tab__tab-content\">\n\t\t\t\t<div id=\"tab-11681\" class=\"sp-tab__tab-pane sp-tab__show sp-tab__active\" role=\"tabpanel\">\n\t\t\t\t\t<div class=\"sp-tab-content animated fadeIn\"><p>A m\u00e3e, o pai ou respons\u00e1vel legal dever\u00e1 preencher e assinar o Formul\u00e1rio de Matr\u00edcula e o Termo de Compromisso constantes nos anexos I e II do Edital de Matr\u00edcula com informa\u00e7\u00f5es necess\u00e1rias para a efetiva\u00e7\u00e3o da matr\u00edcula. O Formul\u00e1rio de Matr\u00edcula e o Termo de Compromisso podem ser enviados para o e-mail prolinfinho@prolinfo.com.br ou apresentados na secretaria do PROLINFO\/UPE, anexando a seguinte documenta\u00e7\u00e3o:<\/p>\n<ol>\n<li>\u00a0C\u00f3pia dos documentos do estudante: certid\u00e3o de nascimento; uma foto 3\u00d74;<\/li>\n<li>\u00a0C\u00f3pia dos documentos do pai\/m\u00e3e ou respons\u00e1vel legal: RG; CPF; comprovante de resid\u00eancia.<\/li>\n<\/ol>\n<p><a href=\"\/wp-content\/uploads\/2023\/01\/ANEXO-I-Formulario-Prolinfinho.pdf\" target=\"_blank\" rel=\"noopener\">Clique aqui e baixe o Formul\u00e1rio de Matr\u00edcula<\/a><\/p>\n<p><a href=\"\/wp-content\/uploads\/2016\/12\/ANEXO-II-Termo_de_Compromisso_Prolinfinho.pdf\" target=\"_blank\" rel=\"noopener\">Clique aqui e baixe o Termo de Compromisso<\/a><\/p>\n<\/div>\n\t\t\t\t<\/div>\n\t\t\t\t\t\t\t\t<div id=\"tab-11682\" class=\"sp-tab__tab-pane \" role=\"tabpanel\">\n\t\t\t\t\t<div class=\"sp-tab-content animated fadeIn\"><p>A avalia\u00e7\u00e3o da aprendizagem \u00e9 cont\u00ednua. O professor acompanha o desenvolvimento dos estudantes, considerando as habilidades demonstradas, construindo um processo avaliativo sociointeracionista e gradativo.<\/p>\n<\/div>\n\t\t\t\t<\/div>\n\t\t\t\t\t\t\t\t<div id=\"tab-11683\" class=\"sp-tab__tab-pane \" role=\"tabpanel\">\n\t\t\t\t\t<div class=\"sp-tab-content animated fadeIn\"><p>O estudante dever\u00e1 alcan\u00e7ar a m\u00e9dia m\u00ednima de 6,0 (seis) para ser aprovado.<\/p>\n<\/div>\n\t\t\t\t<\/div>\n\t\t\t\t\t\t\t\t<div id=\"tab-11684\" class=\"sp-tab__tab-pane \" role=\"tabpanel\">\n\t\t\t\t\t<div class=\"sp-tab-content animated fadeIn\"><p><span style=\"font-weight: 400\">Al\u00e9m de alcan\u00e7ar a m\u00e9dia 6,0 (seis), o estudante dever\u00e1 frequentar o m\u00ednimo de 75% (setenta e cinco por cento) da carga hor\u00e1ria do n\u00edvel em que estiver matriculado, a fim de ter direito a se matricular no n\u00edvel seguinte. Isso equivale a 4 dias de faltas durante o andamento do m\u00f3dulo<\/span><\/p>\n<\/div>\n\t\t\t\t<\/div>\n\t\t\t\t\t\t\t\t<div id=\"tab-11685\" class=\"sp-tab__tab-pane \" role=\"tabpanel\">\n\t\t\t\t\t<div class=\"sp-tab-content animated fadeIn\"><ul>\n<li><a href=\"https:\/\/prolinfo.com.br\/site\/informacoes-dos-polos\/#campus-recife\">Recife (Semin\u00e1rio de Educa\u00e7\u00e3o Crist\u00e3, Col\u00e9gio da Pol\u00edcia Militar, Special English Course)<\/a><\/li>\n<li><a href=\"https:\/\/prolinfo.com.br\/site\/informacoes-dos-polos\/#campus-camaragibe\">Camaragibe<\/a><\/li>\n<li><a href=\"https:\/\/prolinfo.com.br\/site\/informacoes-dos-polos\/#campus-caruaru\">Caruaru<\/a><\/li>\n<li><a href=\"https:\/\/prolinfo.com.br\/site\/informacoes-dos-polos\/#campus-garanhuns\">Garanhuns<\/a><\/li>\n<li><a href=\"https:\/\/prolinfo.com.br\/site\/informacoes-dos-polos\/#campus-mata-norte\">Nazar\u00e9 da Mata<\/a><\/li>\n<li><a href=\"https:\/\/prolinfo.com.br\/site\/informacoes-dos-polos\/#campus-mata-sul\">Palmares<\/a><\/li>\n<li><a href=\"https:\/\/prolinfo.com.br\/site\/informacoes-dos-polos\/#campus-petrolina\">Petrolina<\/a><\/li>\n<\/ul>\n<\/div>\n\t\t\t\t<\/div>\n\t\t\t\t\t\t\t\t<div id=\"tab-11686\" class=\"sp-tab__tab-pane \" role=\"tabpanel\">\n\t\t\t\t\t<div class=\"sp-tab-content animated fadeIn\"><p><span style=\"font-weight: 400\">As aulas s\u00e3o ministradas em tempo real (hor\u00e1rio de Bras\u00edlia), via Google Meet.<\/span><\/p>\n<\/div>\n\t\t\t\t<\/div>\n\t\t\t\t<\/div>\n\t\t<\/div>\n\t\t<\/div><\/div><\/div>\n\n\n\n<div class=\"blockart-column blockart-column-6ad02df1\"><div class=\"blockart-column-inner\"><\/div><\/div>\n<\/div><\/div><\/div>\n","protected":false},"excerpt":{"rendered":"","protected":false},"author":4,"featured_media":0,"parent":920,"menu_order":0,"comment_status":"closed","ping_status":"closed","template":"","meta":{"_uag_custom_page_level_css":"","_joinchat":[],"footnotes":""},"class_list":["post-1006","page","type-page","status-publish","hentry"],"uagb_featured_image_src":{"full":false,"thumbnail":false,"medium":false,"medium_large":false,"large":false,"1536x1536":false,"2048x2048":false},"uagb_author_info":{"display_name":"Victor","author_link":"https:\/\/prolinfo.com.br\/site\/author\/victor\/"},"uagb_comment_info":0,"uagb_excerpt":null,"_links":{"self":[{"href":"https:\/\/prolinfo.com.br\/site\/wp-json\/wp\/v2\/pages\/1006","targetHints":{"allow":["GET"]}}],"collection":[{"href":"https:\/\/prolinfo.com.br\/site\/wp-json\/wp\/v2\/pages"}],"about":[{"href":"https:\/\/prolinfo.com.br\/site\/wp-json\/wp\/v2\/types\/page"}],"author":[{"embeddable":true,"href":"https:\/\/prolinfo.com.br\/site\/wp-json\/wp\/v2\/users\/4"}],"replies":[{"embeddable":true,"href":"https:\/\/prolinfo.com.br\/site\/wp-json\/wp\/v2\/comments?post=1006"}],"version-history":[{"count":68,"href":"https:\/\/prolinfo.com.br\/site\/wp-json\/wp\/v2\/pages\/1006\/revisions"}],"predecessor-version":[{"id":28132,"href":"https:\/\/prolinfo.com.br\/site\/wp-json\/wp\/v2\/pages\/1006\/revisions\/28132"}],"up":[{"embeddable":true,"href":"https:\/\/prolinfo.com.br\/site\/wp-json\/wp\/v2\/pages\/920"}],"wp:attachment":[{"href":"https:\/\/prolinfo.com.br\/site\/wp-json\/wp\/v2\/media?parent=1006"}],"curies":[{"name":"wp","href":"https:\/\/api.w.org\/{rel}","templated":true}]}}